{"id":662,"date":"2025-05-07T08:14:00","date_gmt":"2025-05-07T06:14:00","guid":{"rendered":"https:\/\/www.divespa.nl\/aanmeldformulier-ervaren\/"},"modified":"2025-05-07T14:14:45","modified_gmt":"2025-05-07T12:14:45","slug":"aanmeldformulier-ervaren","status":"publish","type":"page","link":"https:\/\/www.divespa.nl\/ro\/aanmeldformulier-ervaren\/","title":{"rendered":"Formular de \u00eenregistrare (TAPASZTALT)"},"content":{"rendered":"<p>[et_pb_section fb_built=&#8221;1&#8243; fullwidth=&#8221;on&#8221; _builder_version=&#8221;4.9.4&#8243; _module_preset=&#8221;default&#8221;][et_pb_fullwidth_image src=&#8221;https:\/\/www.divespa.nl\/wp-content\/uploads\/2021\/04\/medewerkers-planten.jpeg&#8221; title_text=&#8221;medewerkers planten&#8221; _builder_version=&#8221;4.9.4&#8243; _module_preset=&#8221;default&#8221; custom_css_main_element=&#8221;clip-path: ellipse(100% 87% at 38% 13%);&#8221;][\/et_pb_fullwidth_image][\/et_pb_section][et_pb_section fb_built=&#8221;1&#8243; _builder_version=&#8221;3.22&#8243;][et_pb_row _builder_version=&#8221;3.25&#8243; background_size=&#8221;initial&#8221; background_position=&#8221;top_left&#8221; background_repeat=&#8221;repeat&#8221;][et_pb_column type=&#8221;4_4&#8243; _builder_version=&#8221;3.25&#8243; custom_padding=&#8221;|||&#8221; custom_padding__hover=&#8221;|||&#8221;][et_pb_text _builder_version=&#8221;4.9.4&#8243; _module_preset=&#8221;default&#8221; hover_enabled=&#8221;0&#8243; admin_label=&#8221;Tekst&#8221; sticky_enabled=&#8221;0&#8243;]<\/p>\n<h1>Formular de \u00eenregistrare (TAPASZTALT)<\/h1>\n<p>&nbsp;<\/p>\n<p>Dac\u0103 vrei s\u0103 ni te al\u0103turi \u00een sezonul urm\u0103tor, v\u0103 rug\u0103m s\u0103 completa\u021bi formularul de mai jos \u0219i s\u0103 face\u021bi clic pe trimite. De asemenea, v\u0103 pute\u021bi dezabona cu acest formular!<\/p>\n<p>[\/et_pb_text][et_pb_code _builder_version=&#8221;4.9.4&#8243; _module_preset=&#8221;default&#8221;]\n<div class=\"wpcf7 no-js\" id=\"wpcf7-f655-o1\" lang=\"ro-RO\" dir=\"ltr\" data-wpcf7-id=\"655\">\n<div class=\"screen-reader-response\"><p role=\"status\" aria-live=\"polite\" aria-atomic=\"true\"><\/p> <ul><\/ul><\/div>\n<form action=\"\/ro\/wp-json\/wp\/v2\/pages\/662#wpcf7-f655-o1\" method=\"post\" class=\"wpcf7-form init\" aria-label=\"Formular de contact\" novalidate=\"novalidate\" data-status=\"init\">\n<fieldset class=\"hidden-fields-container\"><input type=\"hidden\" name=\"_wpcf7\" value=\"655\" \/><input type=\"hidden\" name=\"_wpcf7_version\" value=\"6.1.4\" \/><input type=\"hidden\" name=\"_wpcf7_locale\" value=\"ro_RO\" \/><input type=\"hidden\" name=\"_wpcf7_unit_tag\" value=\"wpcf7-f655-o1\" \/><input type=\"hidden\" name=\"_wpcf7_container_post\" value=\"0\" \/><input type=\"hidden\" name=\"_wpcf7_posted_data_hash\" value=\"\" \/>\n<\/fieldset>\n<div class=\"column-full\">\n\t<p><label>Nume *<\/label><span class=\"wpcf7-form-control-wrap\" data-name=\"naam\"><input size=\"40\" maxlength=\"400\" class=\"wpcf7-form-control wpcf7-text wpcf7-validates-as-required\" aria-required=\"true\" aria-invalid=\"false\" value=\"\" type=\"text\" name=\"naam\" \/><\/span>\n\t<\/p>\n\t<p><label>S.<\/label><span class=\"wpcf7-form-control-wrap\" data-name=\"nr\"><input size=\"40\" maxlength=\"400\" class=\"wpcf7-form-control wpcf7-text\" aria-invalid=\"false\" value=\"\" type=\"text\" name=\"nr\" \/><\/span>\n\t<\/p>\n\t<p><label>Data na\u0219terii: *<\/label><span class=\"wpcf7-form-control-wrap\" data-name=\"geboortedatum\"><input class=\"wpcf7-form-control wpcf7-date wpcf7-validates-as-required wpcf7-validates-as-date\" aria-required=\"true\" aria-invalid=\"false\" value=\"\" type=\"date\" name=\"geboortedatum\" \/><\/span>\n\t<\/p>\n\t<p><label>e-mail *<\/label><span class=\"wpcf7-form-control-wrap\" data-name=\"email\"><input size=\"40\" maxlength=\"400\" class=\"wpcf7-form-control wpcf7-email wpcf7-validates-as-required wpcf7-text wpcf7-validates-as-email\" aria-required=\"true\" aria-invalid=\"false\" value=\"\" type=\"email\" name=\"email\" \/><\/span>\n\t<\/p>\n\t<p><label>Num\u0103r de telefon<\/label><span class=\"wpcf7-form-control-wrap\" data-name=\"telefoon\"><input size=\"40\" maxlength=\"400\" class=\"wpcf7-form-control wpcf7-text\" aria-invalid=\"false\" value=\"\" type=\"text\" name=\"telefoon\" \/><\/span>\n\t<\/p>\n\t<p><label>A\u0219 prefera s\u0103 g\u0103sesc o locuin\u021b\u0103 \u00een urm\u0103toarele moduri:<\/label><span class=\"wpcf7-form-control-wrap\" data-name=\"voorkeurwonen\"><select class=\"wpcf7-form-control wpcf7-select\" aria-invalid=\"false\" name=\"voorkeurwonen\"><option value=\"nicio preferin\u021b\u0103\">nicio preferin\u021b\u0103<\/option><option value=\"Am propria mea locuin\u021b\u0103\">Am propria mea locuin\u021b\u0103<\/option><option value=\"Kempweg 15\">Kempweg 15<\/option><option value=\"Kempweg 11\">Kempweg 11<\/option><option value=\"De Zwaluw\">De Zwaluw<\/option><option value=\"Kling\">Kling<\/option><option value=\"Cox\">Cox<\/option><option value=\"Driessen\">Driessen<\/option><\/select><\/span>\n\t<\/p>\n\t<p><label>Mi-ar pl\u0103cea s\u0103 locuiesc cu el: (Vom \u00eencerca s\u0103 respect\u0103m dorin\u021bele lor)<\/label><span class=\"wpcf7-form-control-wrap\" data-name=\"wonen\"><input size=\"40\" maxlength=\"400\" class=\"wpcf7-form-control wpcf7-text\" aria-invalid=\"false\" value=\"\" type=\"text\" name=\"wonen\" \/><\/span>\n\t<\/p>\n\t<p><label>Da, doresc s\u0103 vin la munc\u0103 \u0219i voi \u00eencepe la<\/label><span class=\"wpcf7-form-control-wrap\" data-name=\"vanaf\"><input size=\"40\" maxlength=\"400\" class=\"wpcf7-form-control wpcf7-text\" aria-invalid=\"false\" value=\"\" type=\"text\" name=\"vanaf\" \/><\/span>\n\t<\/p>\n\t<p><label>Da, pot r\u0103m\u00e2ne p\u00e2n\u0103 la <\/label><span class=\"wpcf7-form-control-wrap\" data-name=\"tot\"><input size=\"40\" maxlength=\"400\" class=\"wpcf7-form-control wpcf7-text\" aria-invalid=\"false\" value=\"\" type=\"text\" name=\"tot\" \/><\/span>\n\t<\/p>\n\t<p><label>Comentarii<\/label><br \/>\n<span class=\"wpcf7-form-control-wrap\" data-name=\"opmerkingen\"><textarea cols=\"40\" rows=\"10\" maxlength=\"2000\" class=\"wpcf7-form-control wpcf7-textarea\" aria-invalid=\"false\" name=\"opmerkingen\"><\/textarea><\/span>\n\t<\/p>\n<\/div>\n<p><input class=\"wpcf7-form-control wpcf7-submit has-spinner\" type=\"submit\" value=\"TRIMITE\" \/>\n<\/p><div class=\"wpcf7-response-output\" aria-hidden=\"true\"><\/div>\n<\/form>\n<\/div>\n[\/et_pb_code][\/et_pb_column][\/et_pb_row][\/et_pb_section]<\/p>\n","protected":false},"excerpt":{"rendered":"<p>Formular de \u00eenregistrare (TAPASZTALT) &nbsp; Dac\u0103 vrei s\u0103 ni te al\u0103turi \u00een sezonul urm\u0103tor, v\u0103 rug\u0103m s\u0103 completa\u021bi formularul de mai jos \u0219i s\u0103 face\u021bi clic pe trimite. De asemenea, v\u0103 pute\u021bi dezabona cu acest formular!\n<div class=\"wpcf7 no-js\" id=\"wpcf7-f655-o2\" lang=\"ro-RO\" dir=\"ltr\" data-wpcf7-id=\"655\">\n<div class=\"screen-reader-response\"><p role=\"status\" aria-live=\"polite\" aria-atomic=\"true\"><\/p> <ul><\/ul><\/div>\n<form action=\"\/ro\/wp-json\/wp\/v2\/pages\/662#wpcf7-f655-o2\" method=\"post\" class=\"wpcf7-form init\" aria-label=\"Formular de contact\" novalidate=\"novalidate\" data-status=\"init\">\n<fieldset class=\"hidden-fields-container\"><input type=\"hidden\" name=\"_wpcf7\" value=\"655\" \/><input type=\"hidden\" name=\"_wpcf7_version\" value=\"6.1.4\" \/><input type=\"hidden\" name=\"_wpcf7_locale\" value=\"ro_RO\" \/><input type=\"hidden\" name=\"_wpcf7_unit_tag\" value=\"wpcf7-f655-o2\" \/><input type=\"hidden\" name=\"_wpcf7_container_post\" value=\"0\" \/><input type=\"hidden\" name=\"_wpcf7_posted_data_hash\" value=\"\" \/>\n<\/fieldset>\n<div class=\"column-full\">\n\t<p><label>Nume *<\/label><span class=\"wpcf7-form-control-wrap\" data-name=\"naam\"><input size=\"40\" maxlength=\"400\" class=\"wpcf7-form-control wpcf7-text wpcf7-validates-as-required\" aria-required=\"true\" aria-invalid=\"false\" value=\"\" type=\"text\" name=\"naam\" \/><\/span>\n\t<\/p>\n\t<p><label>S.<\/label><span class=\"wpcf7-form-control-wrap\" data-name=\"nr\"><input size=\"40\" maxlength=\"400\" class=\"wpcf7-form-control wpcf7-text\" aria-invalid=\"false\" value=\"\" type=\"text\" name=\"nr\" \/><\/span>\n\t<\/p>\n\t<p><label>Data na\u0219terii: *<\/label><span class=\"wpcf7-form-control-wrap\" data-name=\"geboortedatum\"><input class=\"wpcf7-form-control wpcf7-date wpcf7-validates-as-required wpcf7-validates-as-date\" aria-required=\"true\" aria-invalid=\"false\" value=\"\" type=\"date\" name=\"geboortedatum\" \/><\/span>\n\t<\/p>\n\t<p><label>e-mail *<\/label><span class=\"wpcf7-form-control-wrap\" data-name=\"email\"><input size=\"40\" maxlength=\"400\" class=\"wpcf7-form-control wpcf7-email wpcf7-validates-as-required wpcf7-text wpcf7-validates-as-email\" aria-required=\"true\" aria-invalid=\"false\" value=\"\" type=\"email\" name=\"email\" \/><\/span>\n\t<\/p>\n\t<p><label>Num\u0103r de telefon<\/label><span class=\"wpcf7-form-control-wrap\" data-name=\"telefoon\"><input size=\"40\" maxlength=\"400\" class=\"wpcf7-form-control wpcf7-text\" aria-invalid=\"false\" value=\"\" type=\"text\" name=\"telefoon\" \/><\/span>\n\t<\/p>\n\t<p><label>A\u0219 prefera s\u0103 g\u0103sesc o locuin\u021b\u0103 \u00een urm\u0103toarele moduri:<\/label><span class=\"wpcf7-form-control-wrap\" data-name=\"voorkeurwonen\"><select class=\"wpcf7-form-control wpcf7-select\" aria-invalid=\"false\" name=\"voorkeurwonen\"><option value=\"nicio preferin\u021b\u0103\">nicio preferin\u021b\u0103<\/option><option value=\"Am propria mea locuin\u021b\u0103\">Am propria mea locuin\u021b\u0103<\/option><option value=\"Kempweg 15\">Kempweg 15<\/option><option value=\"Kempweg 11\">Kempweg 11<\/option><option value=\"De Zwaluw\">De Zwaluw<\/option><option value=\"Kling\">Kling<\/option><option value=\"Cox\">Cox<\/option><option value=\"Driessen\">Driessen<\/option><\/select><\/span>\n\t<\/p>\n\t<p><label>Mi-ar pl\u0103cea s\u0103 locuiesc cu el: (Vom \u00eencerca s\u0103 respect\u0103m dorin\u021bele lor)<\/label><span class=\"wpcf7-form-control-wrap\" data-name=\"wonen\"><input size=\"40\" maxlength=\"400\" class=\"wpcf7-form-control wpcf7-text\" aria-invalid=\"false\" value=\"\" type=\"text\" name=\"wonen\" \/><\/span>\n\t<\/p>\n\t<p><label>Da, doresc s\u0103 vin la munc\u0103 \u0219i voi \u00eencepe la<\/label><span class=\"wpcf7-form-control-wrap\" data-name=\"vanaf\"><input size=\"40\" maxlength=\"400\" class=\"wpcf7-form-control wpcf7-text\" aria-invalid=\"false\" value=\"\" type=\"text\" name=\"vanaf\" \/><\/span>\n\t<\/p>\n\t<p><label>Da, pot r\u0103m\u00e2ne p\u00e2n\u0103 la <\/label><span class=\"wpcf7-form-control-wrap\" data-name=\"tot\"><input size=\"40\" maxlength=\"400\" class=\"wpcf7-form-control wpcf7-text\" aria-invalid=\"false\" value=\"\" type=\"text\" name=\"tot\" \/><\/span>\n\t<\/p>\n\t<p><label>Comentarii<\/label><br \/>\n<span class=\"wpcf7-form-control-wrap\" data-name=\"opmerkingen\"><textarea cols=\"40\" rows=\"10\" maxlength=\"2000\" class=\"wpcf7-form-control wpcf7-textarea\" aria-invalid=\"false\" name=\"opmerkingen\"><\/textarea><\/span>\n\t<\/p>\n<\/div>\n<p><input class=\"wpcf7-form-control wpcf7-submit has-spinner\" type=\"submit\" value=\"TRIMITE\" \/>\n<\/p><div class=\"wpcf7-response-output\" aria-hidden=\"true\"><\/div>\n<\/form>\n<\/div>\n<\/p>\n","protected":false},"author":1,"featured_media":0,"parent":0,"menu_order":0,"comment_status":"closed","ping_status":"closed","template":"","meta":{"_et_pb_use_builder":"on","_et_pb_old_content":"","_et_gb_content_width":"","footnotes":""},"class_list":["post-662","page","type-page","status-publish","hentry"],"yoast_head":"<!-- This site is optimized with the Yoast SEO plugin v26.6 - https:\/\/yoast.com\/wordpress\/plugins\/seo\/ -->\n<title>Formular de \u00eenregistrare (TAPASZTALT) | Divespa<\/title>\n<meta name=\"robots\" content=\"index, follow, max-snippet:-1, max-image-preview:large, max-video-preview:-1\" \/>\n<link rel=\"canonical\" href=\"https:\/\/www.divespa.nl\/ro\/aanmeldformulier-ervaren\/\" \/>\n<meta property=\"og:locale\" content=\"ro_RO\" \/>\n<meta property=\"og:type\" content=\"article\" \/>\n<meta property=\"og:title\" content=\"Formular de \u00eenregistrare (TAPASZTALT) | Divespa\" \/>\n<meta property=\"og:description\" content=\"Formular de \u00eenregistrare (TAPASZTALT) &nbsp; Dac\u0103 vrei s\u0103 ni te al\u0103turi \u00een sezonul urm\u0103tor, v\u0103 rug\u0103m s\u0103 completa\u021bi formularul de mai jos \u0219i s\u0103 face\u021bi clic pe trimite. De asemenea, v\u0103 pute\u021bi dezabona cu acest formular!\" \/>\n<meta property=\"og:url\" content=\"https:\/\/www.divespa.nl\/ro\/aanmeldformulier-ervaren\/\" \/>\n<meta property=\"og:site_name\" content=\"Divespa\" \/>\n<meta property=\"article:modified_time\" content=\"2025-05-07T12:14:45+00:00\" \/>\n<meta name=\"twitter:card\" content=\"summary_large_image\" \/>\n<meta name=\"twitter:label1\" content=\"Timp estimat pentru citire\" \/>\n\t<meta name=\"twitter:data1\" content=\"1 minut\" \/>\n<script type=\"application\/ld+json\" class=\"yoast-schema-graph\">{\"@context\":\"https:\/\/schema.org\",\"@graph\":[{\"@type\":\"WebPage\",\"@id\":\"https:\/\/www.divespa.nl\/ro\/aanmeldformulier-ervaren\/\",\"url\":\"https:\/\/www.divespa.nl\/ro\/aanmeldformulier-ervaren\/\",\"name\":\"Formular de \u00eenregistrare (TAPASZTALT) | Divespa\",\"isPartOf\":{\"@id\":\"https:\/\/www.divespa.nl\/#website\"},\"datePublished\":\"2025-05-07T06:14:00+00:00\",\"dateModified\":\"2025-05-07T12:14:45+00:00\",\"breadcrumb\":{\"@id\":\"https:\/\/www.divespa.nl\/ro\/aanmeldformulier-ervaren\/#breadcrumb\"},\"inLanguage\":\"ro-RO\",\"potentialAction\":[{\"@type\":\"ReadAction\",\"target\":[\"https:\/\/www.divespa.nl\/ro\/aanmeldformulier-ervaren\/\"]}]},{\"@type\":\"BreadcrumbList\",\"@id\":\"https:\/\/www.divespa.nl\/ro\/aanmeldformulier-ervaren\/#breadcrumb\",\"itemListElement\":[{\"@type\":\"ListItem\",\"position\":1,\"name\":\"Home\",\"item\":\"https:\/\/www.divespa.nl\/\"},{\"@type\":\"ListItem\",\"position\":2,\"name\":\"Formular de \u00eenregistrare (TAPASZTALT)\"}]},{\"@type\":\"WebSite\",\"@id\":\"https:\/\/www.divespa.nl\/#website\",\"url\":\"https:\/\/www.divespa.nl\/\",\"name\":\"Divespa Packing B.V.\",\"description\":\"Werken bij de Kemp\",\"publisher\":{\"@id\":\"https:\/\/www.divespa.nl\/#organization\"},\"potentialAction\":[{\"@type\":\"SearchAction\",\"target\":{\"@type\":\"EntryPoint\",\"urlTemplate\":\"https:\/\/www.divespa.nl\/?s={search_term_string}\"},\"query-input\":{\"@type\":\"PropertyValueSpecification\",\"valueRequired\":true,\"valueName\":\"search_term_string\"}}],\"inLanguage\":\"ro-RO\"},{\"@type\":\"Organization\",\"@id\":\"https:\/\/www.divespa.nl\/#organization\",\"name\":\"Divespa\",\"url\":\"https:\/\/www.divespa.nl\/\",\"logo\":{\"@type\":\"ImageObject\",\"inLanguage\":\"ro-RO\",\"@id\":\"https:\/\/www.divespa.nl\/#\/schema\/logo\/image\/\",\"url\":\"http:\/\/www.divespa.nl\/wp-content\/uploads\/2021\/04\/Divespa-logo.jpg\",\"contentUrl\":\"http:\/\/www.divespa.nl\/wp-content\/uploads\/2021\/04\/Divespa-logo.jpg\",\"width\":2362,\"height\":1240,\"caption\":\"Divespa\"},\"image\":{\"@id\":\"https:\/\/www.divespa.nl\/#\/schema\/logo\/image\/\"}}]}<\/script>\n<!-- \/ Yoast SEO plugin. -->","yoast_head_json":{"title":"Formular de \u00eenregistrare (TAPASZTALT) | Divespa","robots":{"index":"index","follow":"follow","max-snippet":"max-snippet:-1","max-image-preview":"max-image-preview:large","max-video-preview":"max-video-preview:-1"},"canonical":"https:\/\/www.divespa.nl\/ro\/aanmeldformulier-ervaren\/","og_locale":"ro_RO","og_type":"article","og_title":"Formular de \u00eenregistrare (TAPASZTALT) | Divespa","og_description":"Formular de \u00eenregistrare (TAPASZTALT) &nbsp; Dac\u0103 vrei s\u0103 ni te al\u0103turi \u00een sezonul urm\u0103tor, v\u0103 rug\u0103m s\u0103 completa\u021bi formularul de mai jos \u0219i s\u0103 face\u021bi clic pe trimite. De asemenea, v\u0103 pute\u021bi dezabona cu acest formular!","og_url":"https:\/\/www.divespa.nl\/ro\/aanmeldformulier-ervaren\/","og_site_name":"Divespa","article_modified_time":"2025-05-07T12:14:45+00:00","twitter_card":"summary_large_image","twitter_misc":{"Timp estimat pentru citire":"1 minut"},"schema":{"@context":"https:\/\/schema.org","@graph":[{"@type":"WebPage","@id":"https:\/\/www.divespa.nl\/ro\/aanmeldformulier-ervaren\/","url":"https:\/\/www.divespa.nl\/ro\/aanmeldformulier-ervaren\/","name":"Formular de \u00eenregistrare (TAPASZTALT) | Divespa","isPartOf":{"@id":"https:\/\/www.divespa.nl\/#website"},"datePublished":"2025-05-07T06:14:00+00:00","dateModified":"2025-05-07T12:14:45+00:00","breadcrumb":{"@id":"https:\/\/www.divespa.nl\/ro\/aanmeldformulier-ervaren\/#breadcrumb"},"inLanguage":"ro-RO","potentialAction":[{"@type":"ReadAction","target":["https:\/\/www.divespa.nl\/ro\/aanmeldformulier-ervaren\/"]}]},{"@type":"BreadcrumbList","@id":"https:\/\/www.divespa.nl\/ro\/aanmeldformulier-ervaren\/#breadcrumb","itemListElement":[{"@type":"ListItem","position":1,"name":"Home","item":"https:\/\/www.divespa.nl\/"},{"@type":"ListItem","position":2,"name":"Formular de \u00eenregistrare (TAPASZTALT)"}]},{"@type":"WebSite","@id":"https:\/\/www.divespa.nl\/#website","url":"https:\/\/www.divespa.nl\/","name":"Divespa Packing B.V.","description":"Werken bij de Kemp","publisher":{"@id":"https:\/\/www.divespa.nl\/#organization"},"potentialAction":[{"@type":"SearchAction","target":{"@type":"EntryPoint","urlTemplate":"https:\/\/www.divespa.nl\/?s={search_term_string}"},"query-input":{"@type":"PropertyValueSpecification","valueRequired":true,"valueName":"search_term_string"}}],"inLanguage":"ro-RO"},{"@type":"Organization","@id":"https:\/\/www.divespa.nl\/#organization","name":"Divespa","url":"https:\/\/www.divespa.nl\/","logo":{"@type":"ImageObject","inLanguage":"ro-RO","@id":"https:\/\/www.divespa.nl\/#\/schema\/logo\/image\/","url":"http:\/\/www.divespa.nl\/wp-content\/uploads\/2021\/04\/Divespa-logo.jpg","contentUrl":"http:\/\/www.divespa.nl\/wp-content\/uploads\/2021\/04\/Divespa-logo.jpg","width":2362,"height":1240,"caption":"Divespa"},"image":{"@id":"https:\/\/www.divespa.nl\/#\/schema\/logo\/image\/"}}]}},"_links":{"self":[{"href":"https:\/\/www.divespa.nl\/ro\/wp-json\/wp\/v2\/pages\/662","targetHints":{"allow":["GET"]}}],"collection":[{"href":"https:\/\/www.divespa.nl\/ro\/wp-json\/wp\/v2\/pages"}],"about":[{"href":"https:\/\/www.divespa.nl\/ro\/wp-json\/wp\/v2\/types\/page"}],"author":[{"embeddable":true,"href":"https:\/\/www.divespa.nl\/ro\/wp-json\/wp\/v2\/users\/1"}],"replies":[{"embeddable":true,"href":"https:\/\/www.divespa.nl\/ro\/wp-json\/wp\/v2\/comments?post=662"}],"version-history":[{"count":17,"href":"https:\/\/www.divespa.nl\/ro\/wp-json\/wp\/v2\/pages\/662\/revisions"}],"predecessor-version":[{"id":770,"href":"https:\/\/www.divespa.nl\/ro\/wp-json\/wp\/v2\/pages\/662\/revisions\/770"}],"wp:attachment":[{"href":"https:\/\/www.divespa.nl\/ro\/wp-json\/wp\/v2\/media?parent=662"}],"curies":[{"name":"wp","href":"https:\/\/api.w.org\/{rel}","templated":true}]}}