{"id":266,"date":"2021-06-16T14:10:13","date_gmt":"2021-06-16T12:10:13","guid":{"rendered":"https:\/\/www.divespa.nl\/formularz-rejestracyjny-doswiadczyc\/"},"modified":"2025-05-07T13:28:33","modified_gmt":"2025-05-07T11:28:33","slug":"formularz-rejestracyjny-doswiadczyc","status":"publish","type":"page","link":"https:\/\/www.divespa.nl\/pl\/formularz-rejestracyjny-doswiadczyc\/","title":{"rendered":"Formularz rejestracyjny (do\u015bwiadczy\u0107)"},"content":{"rendered":"<p>[et_pb_section fb_built=&#8221;1&#8243; fullwidth=&#8221;on&#8221; _builder_version=&#8221;4.9.4&#8243; _module_preset=&#8221;default&#8221;][et_pb_fullwidth_image src=&#8221;https:\/\/www.divespa.nl\/wp-content\/uploads\/2021\/04\/medewerkers-planten.jpeg&#8221; title_text=&#8221;medewerkers planten&#8221; _builder_version=&#8221;4.9.4&#8243; _module_preset=&#8221;default&#8221; custom_css_main_element=&#8221;clip-path: ellipse(100% 87% at 38% 13%);&#8221;][\/et_pb_fullwidth_image][\/et_pb_section][et_pb_section fb_built=&#8221;1&#8243; _builder_version=&#8221;3.22&#8243;][et_pb_row _builder_version=&#8221;3.25&#8243; background_size=&#8221;initial&#8221; background_position=&#8221;top_left&#8221; background_repeat=&#8221;repeat&#8221;][et_pb_column type=&#8221;4_4&#8243; _builder_version=&#8221;3.25&#8243; custom_padding=&#8221;|||&#8221; custom_padding__hover=&#8221;|||&#8221;][et_pb_text _builder_version=&#8221;4.9.4&#8243; _module_preset=&#8221;default&#8221; hover_enabled=&#8221;0&#8243; sticky_enabled=&#8221;0&#8243;]<\/p>\n<h1>Formularz rejestracyjny (do\u015bwiadczy\u0107)<\/h1>\n<p>Je\u015bli chcesz do\u0142\u0105czy\u0107 do nas w przysz\u0142ym sezonie, wype\u0142nij poni\u017cszy formularz i ode\u015blij do nas. Mo\u017cesz r\u00f3wnie\u017c zrezygnowa\u0107 za pomoc\u0105 tego formularza!\u00a0<\/p>\n<p>[\/et_pb_text][et_pb_code _builder_version=&#8221;4.9.4&#8243; _module_preset=&#8221;default&#8221;]\n<div class=\"wpcf7 no-js\" id=\"wpcf7-f276-o1\" lang=\"pl-PL\" dir=\"ltr\" data-wpcf7-id=\"276\">\n<div class=\"screen-reader-response\"><p role=\"status\" aria-live=\"polite\" aria-atomic=\"true\"><\/p> <ul><\/ul><\/div>\n<form action=\"\/pl\/wp-json\/wp\/v2\/pages\/266#wpcf7-f276-o1\" method=\"post\" class=\"wpcf7-form init\" aria-label=\"Formularz kontaktowy\" novalidate=\"novalidate\" data-status=\"init\">\n<fieldset class=\"hidden-fields-container\"><input type=\"hidden\" name=\"_wpcf7\" value=\"276\" \/><input type=\"hidden\" name=\"_wpcf7_version\" value=\"6.1.4\" \/><input type=\"hidden\" name=\"_wpcf7_locale\" value=\"pl_PL\" \/><input type=\"hidden\" name=\"_wpcf7_unit_tag\" value=\"wpcf7-f276-o1\" \/><input type=\"hidden\" name=\"_wpcf7_container_post\" value=\"0\" \/><input type=\"hidden\" name=\"_wpcf7_posted_data_hash\" value=\"\" \/>\n<\/fieldset>\n<div class=\"column-full\">\n\t<p><label>Nazwisko *<\/label><span class=\"wpcf7-form-control-wrap\" data-name=\"naam\"><input size=\"40\" maxlength=\"400\" class=\"wpcf7-form-control wpcf7-text wpcf7-validates-as-required\" aria-required=\"true\" aria-invalid=\"false\" value=\"\" type=\"text\" name=\"naam\" \/><\/span>\n\t<\/p>\n\t<p><label>Nr.<\/label><span class=\"wpcf7-form-control-wrap\" data-name=\"nr\"><input size=\"40\" maxlength=\"400\" class=\"wpcf7-form-control wpcf7-text\" aria-invalid=\"false\" value=\"\" type=\"text\" name=\"nr\" \/><\/span>\n\t<\/p>\n\t<p><label>Data urodzenia *<\/label><span class=\"wpcf7-form-control-wrap\" data-name=\"geboortedatum\"><input class=\"wpcf7-form-control wpcf7-date wpcf7-validates-as-required wpcf7-validates-as-date\" aria-required=\"true\" aria-invalid=\"false\" value=\"\" type=\"date\" name=\"geboortedatum\" \/><\/span>\n\t<\/p>\n\t<p><label>E-mail *<\/label><span class=\"wpcf7-form-control-wrap\" data-name=\"email\"><input size=\"40\" maxlength=\"400\" class=\"wpcf7-form-control wpcf7-email wpcf7-validates-as-required wpcf7-text wpcf7-validates-as-email\" aria-required=\"true\" aria-invalid=\"false\" value=\"\" type=\"email\" name=\"email\" \/><\/span>\n\t<\/p>\n\t<p><label>Numer telefonu: <\/label><span class=\"wpcf7-form-control-wrap\" data-name=\"telefoon\"><input size=\"40\" maxlength=\"400\" class=\"wpcf7-form-control wpcf7-text\" aria-invalid=\"false\" value=\"\" type=\"text\" name=\"telefoon\" \/><\/span>\n\t<\/p>\n\t<p><label>Poni\u017cej zakre\u015bl gdzie chcia\u0142by\u015b nocowa\u0107<\/label><span class=\"wpcf7-form-control-wrap\" data-name=\"voorkeurwonen\"><select class=\"wpcf7-form-control wpcf7-select\" aria-invalid=\"false\" name=\"voorkeurwonen\"><option value=\"Samodzielnie wynajm\u0119 sobie mieszkanie\">Samodzielnie wynajm\u0119 sobie mieszkanie<\/option><option value=\"Kempweg 15\">Kempweg 15<\/option><option value=\"Kempweg 11\">Kempweg 11<\/option><option value=\"De Zwaluw\">De Zwaluw<\/option><option value=\"Kling\">Kling<\/option><option value=\"Cox\">Cox<\/option><option value=\"Driessen\">Driessen<\/option><\/select><\/span>\n\t<\/p>\n\t<p><label>Chcia\u0142bym\/chcia\u0142abym dzieli\u0107 pok\u00f3j z (B\u0119dziemy si\u0119 starac uwzgl\u0119dnic wyb\u00f3r noclegu)<\/label><span class=\"wpcf7-form-control-wrap\" data-name=\"wonen\"><input size=\"40\" maxlength=\"400\" class=\"wpcf7-form-control wpcf7-text\" aria-invalid=\"false\" value=\"\" type=\"text\" name=\"wonen\" \/><\/span>\n\t<\/p>\n\t<p><label>Tak chce przyjechac i moge zaczac od<\/label><span class=\"wpcf7-form-control-wrap\" data-name=\"vanaf\"><input size=\"40\" maxlength=\"400\" class=\"wpcf7-form-control wpcf7-text\" aria-invalid=\"false\" value=\"\" type=\"text\" name=\"vanaf\" \/><\/span>\n\t<\/p>\n\t<p><label>Moge pracowac lacznie z<\/label><span class=\"wpcf7-form-control-wrap\" data-name=\"tot\"><input size=\"40\" maxlength=\"400\" class=\"wpcf7-form-control wpcf7-text\" aria-invalid=\"false\" value=\"\" type=\"text\" name=\"tot\" \/><\/span>\n\t<\/p>\n\t<p><label>Komentarze<\/label><br \/>\n<span class=\"wpcf7-form-control-wrap\" data-name=\"opmerkingen\"><textarea cols=\"40\" rows=\"10\" maxlength=\"2000\" class=\"wpcf7-form-control wpcf7-textarea\" aria-invalid=\"false\" name=\"opmerkingen\"><\/textarea><\/span>\n\t<\/p>\n<\/div>\n<p><input class=\"wpcf7-form-control wpcf7-submit has-spinner\" type=\"submit\" value=\"WY\u015aLIJ\" \/>\n<\/p><div class=\"wpcf7-response-output\" aria-hidden=\"true\"><\/div>\n<\/form>\n<\/div>\n[\/et_pb_code][\/et_pb_column][\/et_pb_row][\/et_pb_section]<\/p>\n","protected":false},"excerpt":{"rendered":"<p>Formularz rejestracyjny (do\u015bwiadczy\u0107) Je\u015bli chcesz do\u0142\u0105czy\u0107 do nas w przysz\u0142ym sezonie, wype\u0142nij poni\u017cszy formularz i ode\u015blij do nas. Mo\u017cesz r\u00f3wnie\u017c zrezygnowa\u0107 za pomoc\u0105 tego formularza!\u00a0\n<div class=\"wpcf7 no-js\" id=\"wpcf7-f276-o2\" lang=\"pl-PL\" dir=\"ltr\" data-wpcf7-id=\"276\">\n<div class=\"screen-reader-response\"><p role=\"status\" aria-live=\"polite\" aria-atomic=\"true\"><\/p> <ul><\/ul><\/div>\n<form action=\"\/pl\/wp-json\/wp\/v2\/pages\/266#wpcf7-f276-o2\" method=\"post\" class=\"wpcf7-form init\" aria-label=\"Formularz kontaktowy\" novalidate=\"novalidate\" data-status=\"init\">\n<fieldset class=\"hidden-fields-container\"><input type=\"hidden\" name=\"_wpcf7\" value=\"276\" \/><input type=\"hidden\" name=\"_wpcf7_version\" value=\"6.1.4\" \/><input type=\"hidden\" name=\"_wpcf7_locale\" value=\"pl_PL\" \/><input type=\"hidden\" name=\"_wpcf7_unit_tag\" value=\"wpcf7-f276-o2\" \/><input type=\"hidden\" name=\"_wpcf7_container_post\" value=\"0\" \/><input type=\"hidden\" name=\"_wpcf7_posted_data_hash\" value=\"\" \/>\n<\/fieldset>\n<div class=\"column-full\">\n\t<p><label>Nazwisko *<\/label><span class=\"wpcf7-form-control-wrap\" data-name=\"naam\"><input size=\"40\" maxlength=\"400\" class=\"wpcf7-form-control wpcf7-text wpcf7-validates-as-required\" aria-required=\"true\" aria-invalid=\"false\" value=\"\" type=\"text\" name=\"naam\" \/><\/span>\n\t<\/p>\n\t<p><label>Nr.<\/label><span class=\"wpcf7-form-control-wrap\" data-name=\"nr\"><input size=\"40\" maxlength=\"400\" class=\"wpcf7-form-control wpcf7-text\" aria-invalid=\"false\" value=\"\" type=\"text\" name=\"nr\" \/><\/span>\n\t<\/p>\n\t<p><label>Data urodzenia *<\/label><span class=\"wpcf7-form-control-wrap\" data-name=\"geboortedatum\"><input class=\"wpcf7-form-control wpcf7-date wpcf7-validates-as-required wpcf7-validates-as-date\" aria-required=\"true\" aria-invalid=\"false\" value=\"\" type=\"date\" name=\"geboortedatum\" \/><\/span>\n\t<\/p>\n\t<p><label>E-mail *<\/label><span class=\"wpcf7-form-control-wrap\" data-name=\"email\"><input size=\"40\" maxlength=\"400\" class=\"wpcf7-form-control wpcf7-email wpcf7-validates-as-required wpcf7-text wpcf7-validates-as-email\" aria-required=\"true\" aria-invalid=\"false\" value=\"\" type=\"email\" name=\"email\" \/><\/span>\n\t<\/p>\n\t<p><label>Numer telefonu: <\/label><span class=\"wpcf7-form-control-wrap\" data-name=\"telefoon\"><input size=\"40\" maxlength=\"400\" class=\"wpcf7-form-control wpcf7-text\" aria-invalid=\"false\" value=\"\" type=\"text\" name=\"telefoon\" \/><\/span>\n\t<\/p>\n\t<p><label>Poni\u017cej zakre\u015bl gdzie chcia\u0142by\u015b nocowa\u0107<\/label><span class=\"wpcf7-form-control-wrap\" data-name=\"voorkeurwonen\"><select class=\"wpcf7-form-control wpcf7-select\" aria-invalid=\"false\" name=\"voorkeurwonen\"><option value=\"Samodzielnie wynajm\u0119 sobie mieszkanie\">Samodzielnie wynajm\u0119 sobie mieszkanie<\/option><option value=\"Kempweg 15\">Kempweg 15<\/option><option value=\"Kempweg 11\">Kempweg 11<\/option><option value=\"De Zwaluw\">De Zwaluw<\/option><option value=\"Kling\">Kling<\/option><option value=\"Cox\">Cox<\/option><option value=\"Driessen\">Driessen<\/option><\/select><\/span>\n\t<\/p>\n\t<p><label>Chcia\u0142bym\/chcia\u0142abym dzieli\u0107 pok\u00f3j z (B\u0119dziemy si\u0119 starac uwzgl\u0119dnic wyb\u00f3r noclegu)<\/label><span class=\"wpcf7-form-control-wrap\" data-name=\"wonen\"><input size=\"40\" maxlength=\"400\" class=\"wpcf7-form-control wpcf7-text\" aria-invalid=\"false\" value=\"\" type=\"text\" name=\"wonen\" \/><\/span>\n\t<\/p>\n\t<p><label>Tak chce przyjechac i moge zaczac od<\/label><span class=\"wpcf7-form-control-wrap\" data-name=\"vanaf\"><input size=\"40\" maxlength=\"400\" class=\"wpcf7-form-control wpcf7-text\" aria-invalid=\"false\" value=\"\" type=\"text\" name=\"vanaf\" \/><\/span>\n\t<\/p>\n\t<p><label>Moge pracowac lacznie z<\/label><span class=\"wpcf7-form-control-wrap\" data-name=\"tot\"><input size=\"40\" maxlength=\"400\" class=\"wpcf7-form-control wpcf7-text\" aria-invalid=\"false\" value=\"\" type=\"text\" name=\"tot\" \/><\/span>\n\t<\/p>\n\t<p><label>Komentarze<\/label><br \/>\n<span class=\"wpcf7-form-control-wrap\" data-name=\"opmerkingen\"><textarea cols=\"40\" rows=\"10\" maxlength=\"2000\" class=\"wpcf7-form-control wpcf7-textarea\" aria-invalid=\"false\" name=\"opmerkingen\"><\/textarea><\/span>\n\t<\/p>\n<\/div>\n<p><input class=\"wpcf7-form-control wpcf7-submit has-spinner\" type=\"submit\" value=\"WY\u015aLIJ\" \/>\n<\/p><div class=\"wpcf7-response-output\" aria-hidden=\"true\"><\/div>\n<\/form>\n<\/div>\n<\/p>\n","protected":false},"author":1,"featured_media":0,"parent":0,"menu_order":0,"comment_status":"closed","ping_status":"closed","template":"","meta":{"_et_pb_use_builder":"on","_et_pb_old_content":"","_et_gb_content_width":"","footnotes":""},"class_list":["post-266","page","type-page","status-publish","hentry"],"yoast_head":"<!-- This site is optimized with the Yoast SEO plugin v26.6 - https:\/\/yoast.com\/wordpress\/plugins\/seo\/ -->\n<title>Formularz rejestracyjny (do\u015bwiadczy\u0107) | Divespa<\/title>\n<meta name=\"robots\" content=\"index, follow, max-snippet:-1, max-image-preview:large, max-video-preview:-1\" \/>\n<link rel=\"canonical\" href=\"https:\/\/www.divespa.nl\/pl\/formularz-rejestracyjny-doswiadczyc\/\" \/>\n<meta property=\"og:locale\" content=\"pl_PL\" \/>\n<meta property=\"og:type\" content=\"article\" \/>\n<meta property=\"og:title\" content=\"Formularz rejestracyjny (do\u015bwiadczy\u0107) | Divespa\" \/>\n<meta property=\"og:description\" content=\"Formularz rejestracyjny (do\u015bwiadczy\u0107) Je\u015bli chcesz do\u0142\u0105czy\u0107 do nas w przysz\u0142ym sezonie, wype\u0142nij poni\u017cszy formularz i ode\u015blij do nas. Mo\u017cesz r\u00f3wnie\u017c zrezygnowa\u0107 za pomoc\u0105 tego formularza!\u00a0\" \/>\n<meta property=\"og:url\" content=\"https:\/\/www.divespa.nl\/pl\/formularz-rejestracyjny-doswiadczyc\/\" \/>\n<meta property=\"og:site_name\" content=\"Divespa\" \/>\n<meta property=\"article:modified_time\" content=\"2025-05-07T11:28:33+00:00\" \/>\n<meta name=\"twitter:card\" content=\"summary_large_image\" \/>\n<meta name=\"twitter:label1\" content=\"Szacowany czas czytania\" \/>\n\t<meta name=\"twitter:data1\" content=\"1 minuta\" \/>\n<script type=\"application\/ld+json\" class=\"yoast-schema-graph\">{\"@context\":\"https:\/\/schema.org\",\"@graph\":[{\"@type\":\"WebPage\",\"@id\":\"https:\/\/www.divespa.nl\/pl\/formularz-rejestracyjny-doswiadczyc\/\",\"url\":\"https:\/\/www.divespa.nl\/pl\/formularz-rejestracyjny-doswiadczyc\/\",\"name\":\"Formularz rejestracyjny (do\u015bwiadczy\u0107) | Divespa\",\"isPartOf\":{\"@id\":\"https:\/\/www.divespa.nl\/#website\"},\"datePublished\":\"2021-06-16T12:10:13+00:00\",\"dateModified\":\"2025-05-07T11:28:33+00:00\",\"breadcrumb\":{\"@id\":\"https:\/\/www.divespa.nl\/pl\/formularz-rejestracyjny-doswiadczyc\/#breadcrumb\"},\"inLanguage\":\"pl-PL\",\"potentialAction\":[{\"@type\":\"ReadAction\",\"target\":[\"https:\/\/www.divespa.nl\/pl\/formularz-rejestracyjny-doswiadczyc\/\"]}]},{\"@type\":\"BreadcrumbList\",\"@id\":\"https:\/\/www.divespa.nl\/pl\/formularz-rejestracyjny-doswiadczyc\/#breadcrumb\",\"itemListElement\":[{\"@type\":\"ListItem\",\"position\":1,\"name\":\"Home\",\"item\":\"https:\/\/www.divespa.nl\/\"},{\"@type\":\"ListItem\",\"position\":2,\"name\":\"Formularz rejestracyjny (do\u015bwiadczy\u0107)\"}]},{\"@type\":\"WebSite\",\"@id\":\"https:\/\/www.divespa.nl\/#website\",\"url\":\"https:\/\/www.divespa.nl\/\",\"name\":\"Divespa Packing B.V.\",\"description\":\"Werken bij de Kemp\",\"publisher\":{\"@id\":\"https:\/\/www.divespa.nl\/#organization\"},\"potentialAction\":[{\"@type\":\"SearchAction\",\"target\":{\"@type\":\"EntryPoint\",\"urlTemplate\":\"https:\/\/www.divespa.nl\/?s={search_term_string}\"},\"query-input\":{\"@type\":\"PropertyValueSpecification\",\"valueRequired\":true,\"valueName\":\"search_term_string\"}}],\"inLanguage\":\"pl-PL\"},{\"@type\":\"Organization\",\"@id\":\"https:\/\/www.divespa.nl\/#organization\",\"name\":\"Divespa\",\"url\":\"https:\/\/www.divespa.nl\/\",\"logo\":{\"@type\":\"ImageObject\",\"inLanguage\":\"pl-PL\",\"@id\":\"https:\/\/www.divespa.nl\/#\/schema\/logo\/image\/\",\"url\":\"http:\/\/www.divespa.nl\/wp-content\/uploads\/2021\/04\/Divespa-logo.jpg\",\"contentUrl\":\"http:\/\/www.divespa.nl\/wp-content\/uploads\/2021\/04\/Divespa-logo.jpg\",\"width\":2362,\"height\":1240,\"caption\":\"Divespa\"},\"image\":{\"@id\":\"https:\/\/www.divespa.nl\/#\/schema\/logo\/image\/\"}}]}<\/script>\n<!-- \/ Yoast SEO plugin. -->","yoast_head_json":{"title":"Formularz rejestracyjny (do\u015bwiadczy\u0107) | Divespa","robots":{"index":"index","follow":"follow","max-snippet":"max-snippet:-1","max-image-preview":"max-image-preview:large","max-video-preview":"max-video-preview:-1"},"canonical":"https:\/\/www.divespa.nl\/pl\/formularz-rejestracyjny-doswiadczyc\/","og_locale":"pl_PL","og_type":"article","og_title":"Formularz rejestracyjny (do\u015bwiadczy\u0107) | Divespa","og_description":"Formularz rejestracyjny (do\u015bwiadczy\u0107) Je\u015bli chcesz do\u0142\u0105czy\u0107 do nas w przysz\u0142ym sezonie, wype\u0142nij poni\u017cszy formularz i ode\u015blij do nas. Mo\u017cesz r\u00f3wnie\u017c zrezygnowa\u0107 za pomoc\u0105 tego formularza!\u00a0","og_url":"https:\/\/www.divespa.nl\/pl\/formularz-rejestracyjny-doswiadczyc\/","og_site_name":"Divespa","article_modified_time":"2025-05-07T11:28:33+00:00","twitter_card":"summary_large_image","twitter_misc":{"Szacowany czas czytania":"1 minuta"},"schema":{"@context":"https:\/\/schema.org","@graph":[{"@type":"WebPage","@id":"https:\/\/www.divespa.nl\/pl\/formularz-rejestracyjny-doswiadczyc\/","url":"https:\/\/www.divespa.nl\/pl\/formularz-rejestracyjny-doswiadczyc\/","name":"Formularz rejestracyjny (do\u015bwiadczy\u0107) | Divespa","isPartOf":{"@id":"https:\/\/www.divespa.nl\/#website"},"datePublished":"2021-06-16T12:10:13+00:00","dateModified":"2025-05-07T11:28:33+00:00","breadcrumb":{"@id":"https:\/\/www.divespa.nl\/pl\/formularz-rejestracyjny-doswiadczyc\/#breadcrumb"},"inLanguage":"pl-PL","potentialAction":[{"@type":"ReadAction","target":["https:\/\/www.divespa.nl\/pl\/formularz-rejestracyjny-doswiadczyc\/"]}]},{"@type":"BreadcrumbList","@id":"https:\/\/www.divespa.nl\/pl\/formularz-rejestracyjny-doswiadczyc\/#breadcrumb","itemListElement":[{"@type":"ListItem","position":1,"name":"Home","item":"https:\/\/www.divespa.nl\/"},{"@type":"ListItem","position":2,"name":"Formularz rejestracyjny (do\u015bwiadczy\u0107)"}]},{"@type":"WebSite","@id":"https:\/\/www.divespa.nl\/#website","url":"https:\/\/www.divespa.nl\/","name":"Divespa Packing B.V.","description":"Werken bij de Kemp","publisher":{"@id":"https:\/\/www.divespa.nl\/#organization"},"potentialAction":[{"@type":"SearchAction","target":{"@type":"EntryPoint","urlTemplate":"https:\/\/www.divespa.nl\/?s={search_term_string}"},"query-input":{"@type":"PropertyValueSpecification","valueRequired":true,"valueName":"search_term_string"}}],"inLanguage":"pl-PL"},{"@type":"Organization","@id":"https:\/\/www.divespa.nl\/#organization","name":"Divespa","url":"https:\/\/www.divespa.nl\/","logo":{"@type":"ImageObject","inLanguage":"pl-PL","@id":"https:\/\/www.divespa.nl\/#\/schema\/logo\/image\/","url":"http:\/\/www.divespa.nl\/wp-content\/uploads\/2021\/04\/Divespa-logo.jpg","contentUrl":"http:\/\/www.divespa.nl\/wp-content\/uploads\/2021\/04\/Divespa-logo.jpg","width":2362,"height":1240,"caption":"Divespa"},"image":{"@id":"https:\/\/www.divespa.nl\/#\/schema\/logo\/image\/"}}]}},"_links":{"self":[{"href":"https:\/\/www.divespa.nl\/pl\/wp-json\/wp\/v2\/pages\/266","targetHints":{"allow":["GET"]}}],"collection":[{"href":"https:\/\/www.divespa.nl\/pl\/wp-json\/wp\/v2\/pages"}],"about":[{"href":"https:\/\/www.divespa.nl\/pl\/wp-json\/wp\/v2\/types\/page"}],"author":[{"embeddable":true,"href":"https:\/\/www.divespa.nl\/pl\/wp-json\/wp\/v2\/users\/1"}],"replies":[{"embeddable":true,"href":"https:\/\/www.divespa.nl\/pl\/wp-json\/wp\/v2\/comments?post=266"}],"version-history":[{"count":18,"href":"https:\/\/www.divespa.nl\/pl\/wp-json\/wp\/v2\/pages\/266\/revisions"}],"predecessor-version":[{"id":766,"href":"https:\/\/www.divespa.nl\/pl\/wp-json\/wp\/v2\/pages\/266\/revisions\/766"}],"wp:attachment":[{"href":"https:\/\/www.divespa.nl\/pl\/wp-json\/wp\/v2\/media?parent=266"}],"curies":[{"name":"wp","href":"https:\/\/api.w.org\/{rel}","templated":true}]}}