{"id":172,"date":"2021-05-05T11:21:15","date_gmt":"2021-05-05T09:21:15","guid":{"rendered":"http:\/\/www.divespa.nl\/ogolne-informacje\/"},"modified":"2025-05-07T11:43:39","modified_gmt":"2025-05-07T09:43:39","slug":"ogolne-informacje","status":"publish","type":"page","link":"https:\/\/www.divespa.nl\/pl\/","title":{"rendered":"Og\u00f3lne informacje"},"content":{"rendered":"<p>[et_pb_section fb_built=&#8221;1&#8243; fullwidth=&#8221;on&#8221; _builder_version=&#8221;4.9.4&#8243; _module_preset=&#8221;default&#8221;][et_pb_fullwidth_image src=&#8221;https:\/\/www.divespa.nl\/wp-content\/uploads\/2024\/09\/k-8408-scaled.jpg&#8221; title_text=&#8221;k 8408&#8243; _builder_version=&#8221;4.9.4&#8243; _module_preset=&#8221;default&#8221; scroll_vertical_motion=&#8221;0|71|71|100|4|0|-4&#8243; scroll_rotating_enable=&#8221;on&#8221; scroll_blur_enable=&#8221;on&#8221; motion_trigger_start=&#8221;bottom&#8221; custom_css_main_element=&#8221;clip-path: ellipse(100% 87% at 38% 13%);&#8221;][\/et_pb_fullwidth_image][\/et_pb_section][et_pb_section fb_built=&#8221;1&#8243; _builder_version=&#8221;3.22&#8243;][et_pb_row _builder_version=&#8221;3.25&#8243; background_size=&#8221;initial&#8221; background_position=&#8221;top_left&#8221; background_repeat=&#8221;repeat&#8221;][et_pb_column type=&#8221;4_4&#8243; _builder_version=&#8221;3.25&#8243; custom_padding=&#8221;|||&#8221; custom_padding__hover=&#8221;|||&#8221;][et_pb_text _builder_version=&#8221;4.9.4&#8243; _module_preset=&#8221;default&#8221;]<\/p>\n<h1>Praca w Divespa Packing<\/h1>\n<p>&nbsp;<\/p>\n<p>Divespa Packing specjalizuje si\u0119 w sortowaniu i pakowaniu szdzonek truskaweki, szparagi, podk\u0142adek drzew i krzewow owocowych (np: porzeczki). Ro\u015bliny te s\u0105 g\u0142\u00f3wnie uprawiane przez Plantenkwekerij de Kemp.<\/p>\n<p>Latem pracujemy g\u0142\u00f3wnie z sadzonkami truskawek. Zim\u0105 z sadzonkami truskawek i podk\u0142adkami drzew owocowych.<br \/>Z sadzonkami szparagi natomiast na wiosne. Praca polega g\u0142\u00f3wnie na pakowaniu sadzonek na hali, na szklarni lub na polu. Inne czynno\u015bci kt\u00f3re si\u0119 pojawiaj\u0105, to wykopywanie, sadzenie, rozsada, pielenie na polu oraz r\u00f3\u017cne inne czynno\u015bci na polu i szklarni.<\/p>\n<p>[\/et_pb_text][\/et_pb_column][\/et_pb_row][et_pb_row column_structure=&#8221;1_2,1_2&#8243; _builder_version=&#8221;4.9.4&#8243; _module_preset=&#8221;default&#8221;][et_pb_column type=&#8221;1_2&#8243; _builder_version=&#8221;4.9.4&#8243; _module_preset=&#8221;default&#8221;][et_pb_text _builder_version=&#8221;4.9.4&#8243; _module_preset=&#8221;default&#8221; custom_padding=&#8221;||0px|||&#8221;]<\/p>\n<p>Latem pracujemy g\u0142\u00f3wnie z sadzonkami truskawek. Zim\u0105 z sadzonkami truskawek i podk\u0142adkami drzew owocowych.<br \/>Z sadzonkami szparagi natomiast na wiosne. Praca polega g\u0142\u00f3wnie na pakowaniu sadzonek na hali, na szklarni lub na polu.<br \/>Inne czynno\u015bci kt\u00f3re si\u0119 pojawiaj\u0105, to wykopywanie, sadzenie, rozsada, pielenie na polu oraz r\u00f3\u017cne inne czynno\u015bci na polu i szklarni.<\/p>\n<p>Oferujemy dobre zakwaterowanie i udogodnienia, dzi\u0119ki czemu mo\u017cesz pozosta\u0107 blisko pracy.<\/p>\n<p>Wynagrodzenie jest zgodne z ustawow\u0105 minimaln\u0105 stawk\u0105 godzinow\u0105 brutto w Holandii.<br \/>Dla os\u00f3b poni\u017cej 21 roku \u017cycia jest to ustawowa minimalna p\u0142aca dla m\u0142odzie\u017cy.<br \/>Maj\u0105c dobre wyniki w pracy i dobra jako\u015b\u0107 swojej pracy, mo\u017cesz otrzyma\u0107 premi\u0119 do swojedo normalnego wynagrodzenia.<\/p>\n<p>Je\u015bli chcesz pracowa\u0107 w Divespa Packing BV, wype\u0142nij formularz rejestracyjny na tej stronie.<br \/>Je\u015bli bedziemy miec dla Ciebie prac\u0119, przeprowadzimy rozmow\u0119 kwalifikacyjn\u0105 (telefonicznie).<\/p>\n<p><span style=\"text-decoration: underline;\">Uwaga: istniej\u0105 2 formularze rejestracyjne:<\/span><br \/>NOWI dla nowych pracownik\u00f3w, kt\u00f3rzy wcze\u015bniej u nas nie pracowali<br \/>i DO\u015aWIADCZONY dla os\u00f3b, kt\u00f3re wcze\u015bniej z nami pracowa\u0142y (mamy ju\u017c wi\u0119cej danych na ten temat)<\/p>\n<p>[\/et_pb_text][\/et_pb_column][et_pb_column type=&#8221;1_2&#8243; _builder_version=&#8221;4.9.4&#8243; _module_preset=&#8221;default&#8221;][et_pb_image src=&#8221;https:\/\/www.divespa.nl\/wp-content\/uploads\/2021\/04\/Schermafbeelding-2021-04-28-om-13.51.11.png&#8221; _builder_version=&#8221;4.9.4&#8243; _module_preset=&#8221;default&#8221;][\/et_pb_image][\/et_pb_column][\/et_pb_row][et_pb_row column_structure=&#8221;1_3,1_3,1_3&#8243; _builder_version=&#8221;4.9.4&#8243; _module_preset=&#8221;default&#8221;][et_pb_column type=&#8221;1_3&#8243; _builder_version=&#8221;4.9.4&#8243; _module_preset=&#8221;default&#8221;][et_pb_button button_url=&#8221;https:\/\/www.divespa.nl\/wp-content\/uploads\/2025\/05\/Algemene-informatie-Divespa-Packing-BV-2025-PL.pdf&#8221; url_new_window=&#8221;on&#8221; button_text=&#8221;Algemene-informatie-Divespa-Packing-BV PL&#8221; admin_label=&#8221;Algemene info PDF link&#8221; _builder_version=&#8221;4.9.4&#8243; _module_preset=&#8221;default&#8221; custom_button=&#8221;on&#8221; button_icon=&#8221;%%1%%&#8221; hover_enabled=&#8221;0&#8243; sticky_enabled=&#8221;0&#8243;][\/et_pb_button][\/et_pb_column][et_pb_column type=&#8221;1_3&#8243; _builder_version=&#8221;4.9.4&#8243; _module_preset=&#8221;default&#8221;][\/et_pb_column][et_pb_column type=&#8221;1_3&#8243; _builder_version=&#8221;4.9.4&#8243; _module_preset=&#8221;default&#8221;][\/et_pb_column][\/et_pb_row][et_pb_row column_structure=&#8221;1_3,1_3,1_3&#8243; _builder_version=&#8221;4.9.4&#8243; _module_preset=&#8221;default&#8221;][et_pb_column type=&#8221;1_3&#8243; _builder_version=&#8221;4.9.4&#8243; _module_preset=&#8221;default&#8221;][et_pb_button button_url=&#8221;\/pl\/formularz-rejestracyjny\/&#8221; button_text=&#8221;Formularz rejestracyjny dla NOWI pracownicy&#8221; admin_label=&#8221;Aanmeldingsformulier&#8221; _builder_version=&#8221;4.9.4&#8243; _module_preset=&#8221;default&#8221;][\/et_pb_button][\/et_pb_column][et_pb_column type=&#8221;1_3&#8243; _builder_version=&#8221;4.9.4&#8243; _module_preset=&#8221;default&#8221;][et_pb_button button_url=&#8221;https:\/\/www.divespa.nl\/pl\/formularz-rejestracyjny-doswiadczyc\/&#8221; button_text=&#8221;Formularz rejestracyjny dla DOSWIADCZONYCH pracownikow&#8221; admin_label=&#8221;Aanmeldingsformulier&#8221; _builder_version=&#8221;4.9.4&#8243; _module_preset=&#8221;default&#8221;][\/et_pb_button][\/et_pb_column][et_pb_column type=&#8221;1_3&#8243; _builder_version=&#8221;4.9.4&#8243; _module_preset=&#8221;default&#8221;][\/et_pb_column][\/et_pb_row][et_pb_row _builder_version=&#8221;4.9.4&#8243; _module_preset=&#8221;default&#8221;][et_pb_column type=&#8221;4_4&#8243; _builder_version=&#8221;4.9.4&#8243; _module_preset=&#8221;default&#8221;][et_pb_text _builder_version=&#8221;4.9.4&#8243; _module_preset=&#8221;default&#8221;][\/et_pb_text][\/et_pb_column][\/et_pb_row][\/et_pb_section]<\/p>\n","protected":false},"excerpt":{"rendered":"<p>Praca w Divespa Packing &nbsp; Divespa Packing specjalizuje si\u0119 w sortowaniu i pakowaniu szdzonek truskaweki, szparagi, podk\u0142adek drzew i krzewow owocowych (np: porzeczki). Ro\u015bliny te s\u0105 g\u0142\u00f3wnie uprawiane przez Plantenkwekerij de Kemp. Latem pracujemy g\u0142\u00f3wnie z sadzonkami truskawek. Zim\u0105 z sadzonkami truskawek i podk\u0142adkami drzew owocowych.Z sadzonkami szparagi natomiast na wiosne. Praca polega g\u0142\u00f3wnie na [&hellip;]<\/p>\n","protected":false},"author":1,"featured_media":0,"parent":0,"menu_order":0,"comment_status":"closed","ping_status":"open","template":"","meta":{"_et_pb_use_builder":"on","_et_pb_old_content":"","_et_gb_content_width":"","footnotes":""},"class_list":["post-172","page","type-page","status-publish","hentry"],"yoast_head":"<!-- This site is optimized with the Yoast SEO plugin v26.6 - https:\/\/yoast.com\/wordpress\/plugins\/seo\/ -->\n<title>Og\u00f3lne informacje | Divespa<\/title>\n<meta name=\"robots\" content=\"index, follow, max-snippet:-1, max-image-preview:large, max-video-preview:-1\" \/>\n<link rel=\"canonical\" href=\"https:\/\/www.divespa.nl\/\" \/>\n<meta property=\"og:locale\" content=\"pl_PL\" \/>\n<meta property=\"og:type\" content=\"article\" \/>\n<meta property=\"og:title\" content=\"Og\u00f3lne informacje | Divespa\" \/>\n<meta property=\"og:description\" content=\"Praca w Divespa Packing &nbsp; Divespa Packing specjalizuje si\u0119 w sortowaniu i pakowaniu szdzonek truskaweki, szparagi, podk\u0142adek drzew i krzewow owocowych (np: porzeczki). Ro\u015bliny te s\u0105 g\u0142\u00f3wnie uprawiane przez Plantenkwekerij de Kemp. Latem pracujemy g\u0142\u00f3wnie z sadzonkami truskawek. Zim\u0105 z sadzonkami truskawek i podk\u0142adkami drzew owocowych.Z sadzonkami szparagi natomiast na wiosne. Praca polega g\u0142\u00f3wnie na [&hellip;]\" \/>\n<meta property=\"og:url\" content=\"https:\/\/www.divespa.nl\/\" \/>\n<meta property=\"og:site_name\" content=\"Divespa\" \/>\n<meta property=\"article:modified_time\" content=\"2025-05-07T09:43:39+00:00\" \/>\n<meta name=\"twitter:card\" content=\"summary_large_image\" \/>\n<meta name=\"twitter:label1\" content=\"Szacowany czas czytania\" \/>\n\t<meta name=\"twitter:data1\" content=\"4 minuty\" \/>\n<script type=\"application\/ld+json\" class=\"yoast-schema-graph\">{\"@context\":\"https:\/\/schema.org\",\"@graph\":[{\"@type\":\"WebPage\",\"@id\":\"https:\/\/www.divespa.nl\/\",\"url\":\"https:\/\/www.divespa.nl\/\",\"name\":\"Og\u00f3lne informacje | Divespa\",\"isPartOf\":{\"@id\":\"https:\/\/www.divespa.nl\/#website\"},\"datePublished\":\"2021-05-05T09:21:15+00:00\",\"dateModified\":\"2025-05-07T09:43:39+00:00\",\"breadcrumb\":{\"@id\":\"https:\/\/www.divespa.nl\/#breadcrumb\"},\"inLanguage\":\"pl-PL\",\"potentialAction\":[{\"@type\":\"ReadAction\",\"target\":[\"https:\/\/www.divespa.nl\/\"]}]},{\"@type\":\"BreadcrumbList\",\"@id\":\"https:\/\/www.divespa.nl\/#breadcrumb\",\"itemListElement\":[{\"@type\":\"ListItem\",\"position\":1,\"name\":\"Home\",\"item\":\"https:\/\/www.divespa.nl\/\"},{\"@type\":\"ListItem\",\"position\":2,\"name\":\"Og\u00f3lne informacje\"}]},{\"@type\":\"WebSite\",\"@id\":\"https:\/\/www.divespa.nl\/#website\",\"url\":\"https:\/\/www.divespa.nl\/\",\"name\":\"Divespa Packing B.V.\",\"description\":\"Werken bij de Kemp\",\"publisher\":{\"@id\":\"https:\/\/www.divespa.nl\/#organization\"},\"potentialAction\":[{\"@type\":\"SearchAction\",\"target\":{\"@type\":\"EntryPoint\",\"urlTemplate\":\"https:\/\/www.divespa.nl\/?s={search_term_string}\"},\"query-input\":{\"@type\":\"PropertyValueSpecification\",\"valueRequired\":true,\"valueName\":\"search_term_string\"}}],\"inLanguage\":\"pl-PL\"},{\"@type\":\"Organization\",\"@id\":\"https:\/\/www.divespa.nl\/#organization\",\"name\":\"Divespa\",\"url\":\"https:\/\/www.divespa.nl\/\",\"logo\":{\"@type\":\"ImageObject\",\"inLanguage\":\"pl-PL\",\"@id\":\"https:\/\/www.divespa.nl\/#\/schema\/logo\/image\/\",\"url\":\"http:\/\/www.divespa.nl\/wp-content\/uploads\/2021\/04\/Divespa-logo.jpg\",\"contentUrl\":\"http:\/\/www.divespa.nl\/wp-content\/uploads\/2021\/04\/Divespa-logo.jpg\",\"width\":2362,\"height\":1240,\"caption\":\"Divespa\"},\"image\":{\"@id\":\"https:\/\/www.divespa.nl\/#\/schema\/logo\/image\/\"}}]}<\/script>\n<!-- \/ Yoast SEO plugin. -->","yoast_head_json":{"title":"Og\u00f3lne informacje | Divespa","robots":{"index":"index","follow":"follow","max-snippet":"max-snippet:-1","max-image-preview":"max-image-preview:large","max-video-preview":"max-video-preview:-1"},"canonical":"https:\/\/www.divespa.nl\/","og_locale":"pl_PL","og_type":"article","og_title":"Og\u00f3lne informacje | Divespa","og_description":"Praca w Divespa Packing &nbsp; Divespa Packing specjalizuje si\u0119 w sortowaniu i pakowaniu szdzonek truskaweki, szparagi, podk\u0142adek drzew i krzewow owocowych (np: porzeczki). Ro\u015bliny te s\u0105 g\u0142\u00f3wnie uprawiane przez Plantenkwekerij de Kemp. Latem pracujemy g\u0142\u00f3wnie z sadzonkami truskawek. Zim\u0105 z sadzonkami truskawek i podk\u0142adkami drzew owocowych.Z sadzonkami szparagi natomiast na wiosne. Praca polega g\u0142\u00f3wnie na [&hellip;]","og_url":"https:\/\/www.divespa.nl\/","og_site_name":"Divespa","article_modified_time":"2025-05-07T09:43:39+00:00","twitter_card":"summary_large_image","twitter_misc":{"Szacowany czas czytania":"4 minuty"},"schema":{"@context":"https:\/\/schema.org","@graph":[{"@type":"WebPage","@id":"https:\/\/www.divespa.nl\/","url":"https:\/\/www.divespa.nl\/","name":"Og\u00f3lne informacje | Divespa","isPartOf":{"@id":"https:\/\/www.divespa.nl\/#website"},"datePublished":"2021-05-05T09:21:15+00:00","dateModified":"2025-05-07T09:43:39+00:00","breadcrumb":{"@id":"https:\/\/www.divespa.nl\/#breadcrumb"},"inLanguage":"pl-PL","potentialAction":[{"@type":"ReadAction","target":["https:\/\/www.divespa.nl\/"]}]},{"@type":"BreadcrumbList","@id":"https:\/\/www.divespa.nl\/#breadcrumb","itemListElement":[{"@type":"ListItem","position":1,"name":"Home","item":"https:\/\/www.divespa.nl\/"},{"@type":"ListItem","position":2,"name":"Og\u00f3lne informacje"}]},{"@type":"WebSite","@id":"https:\/\/www.divespa.nl\/#website","url":"https:\/\/www.divespa.nl\/","name":"Divespa Packing B.V.","description":"Werken bij de Kemp","publisher":{"@id":"https:\/\/www.divespa.nl\/#organization"},"potentialAction":[{"@type":"SearchAction","target":{"@type":"EntryPoint","urlTemplate":"https:\/\/www.divespa.nl\/?s={search_term_string}"},"query-input":{"@type":"PropertyValueSpecification","valueRequired":true,"valueName":"search_term_string"}}],"inLanguage":"pl-PL"},{"@type":"Organization","@id":"https:\/\/www.divespa.nl\/#organization","name":"Divespa","url":"https:\/\/www.divespa.nl\/","logo":{"@type":"ImageObject","inLanguage":"pl-PL","@id":"https:\/\/www.divespa.nl\/#\/schema\/logo\/image\/","url":"http:\/\/www.divespa.nl\/wp-content\/uploads\/2021\/04\/Divespa-logo.jpg","contentUrl":"http:\/\/www.divespa.nl\/wp-content\/uploads\/2021\/04\/Divespa-logo.jpg","width":2362,"height":1240,"caption":"Divespa"},"image":{"@id":"https:\/\/www.divespa.nl\/#\/schema\/logo\/image\/"}}]}},"_links":{"self":[{"href":"https:\/\/www.divespa.nl\/pl\/wp-json\/wp\/v2\/pages\/172","targetHints":{"allow":["GET"]}}],"collection":[{"href":"https:\/\/www.divespa.nl\/pl\/wp-json\/wp\/v2\/pages"}],"about":[{"href":"https:\/\/www.divespa.nl\/pl\/wp-json\/wp\/v2\/types\/page"}],"author":[{"embeddable":true,"href":"https:\/\/www.divespa.nl\/pl\/wp-json\/wp\/v2\/users\/1"}],"replies":[{"embeddable":true,"href":"https:\/\/www.divespa.nl\/pl\/wp-json\/wp\/v2\/comments?post=172"}],"version-history":[{"count":29,"href":"https:\/\/www.divespa.nl\/pl\/wp-json\/wp\/v2\/pages\/172\/revisions"}],"predecessor-version":[{"id":703,"href":"https:\/\/www.divespa.nl\/pl\/wp-json\/wp\/v2\/pages\/172\/revisions\/703"}],"wp:attachment":[{"href":"https:\/\/www.divespa.nl\/pl\/wp-json\/wp\/v2\/media?parent=172"}],"curies":[{"name":"wp","href":"https:\/\/api.w.org\/{rel}","templated":true}]}}