{"id":269,"date":"2021-06-16T14:11:12","date_gmt":"2021-06-16T12:11:12","guid":{"rendered":"https:\/\/www.divespa.nl\/regisztracios-urlap-megtapasztalni\/"},"modified":"2025-05-07T13:28:34","modified_gmt":"2025-05-07T11:28:34","slug":"regisztracios-urlap-megtapasztalni","status":"publish","type":"page","link":"https:\/\/www.divespa.nl\/hu\/regisztracios-urlap-megtapasztalni\/","title":{"rendered":"Regisztr\u00e1ci\u00f3s \u0171rlap (megtapasztalni)"},"content":{"rendered":"<p>[et_pb_section fb_built=&#8221;1&#8243; fullwidth=&#8221;on&#8221; _builder_version=&#8221;4.9.4&#8243; _module_preset=&#8221;default&#8221;][et_pb_fullwidth_image src=&#8221;https:\/\/www.divespa.nl\/wp-content\/uploads\/2021\/04\/medewerkers-planten.jpeg&#8221; title_text=&#8221;medewerkers planten&#8221; _builder_version=&#8221;4.9.4&#8243; _module_preset=&#8221;default&#8221; custom_css_main_element=&#8221;clip-path: ellipse(100% 87% at 38% 13%);&#8221;][\/et_pb_fullwidth_image][\/et_pb_section][et_pb_section fb_built=&#8221;1&#8243; _builder_version=&#8221;3.22&#8243;][et_pb_row _builder_version=&#8221;3.25&#8243; background_size=&#8221;initial&#8221; background_position=&#8221;top_left&#8221; background_repeat=&#8221;repeat&#8221;][et_pb_column type=&#8221;4_4&#8243; _builder_version=&#8221;3.25&#8243; custom_padding=&#8221;|||&#8221; custom_padding__hover=&#8221;|||&#8221;][et_pb_text _builder_version=&#8221;4.9.4&#8243; _module_preset=&#8221;default&#8221; hover_enabled=&#8221;0&#8243; sticky_enabled=&#8221;0&#8243;]<\/p>\n<h1>Regisztr\u00e1ci\u00f3s \u0171rlap (megtapasztalni)<\/h1>\n<p>&nbsp;<\/p>\n<p>Ha a k\u00f6vetkez\u0151 szezonban is szeretn\u00e9l csatlakozni hozz\u00e1nk, Az al\u00e1bbi \u0171rlapot \u00e9s kattints a ,,BEAD\u00c1S\u2019\u2019 gombra. Ezzel az \u0171rlappal le is iratkozhat!<\/p>\n<p>[\/et_pb_text][et_pb_code _builder_version=&#8221;4.9.4&#8243; _module_preset=&#8221;default&#8221;]\n<div class=\"wpcf7 no-js\" id=\"wpcf7-f280-o1\" lang=\"hu-HU\" dir=\"ltr\" data-wpcf7-id=\"280\">\n<div class=\"screen-reader-response\"><p role=\"status\" aria-live=\"polite\" aria-atomic=\"true\"><\/p> <ul><\/ul><\/div>\n<form action=\"\/hu\/wp-json\/wp\/v2\/pages\/269#wpcf7-f280-o1\" method=\"post\" class=\"wpcf7-form init\" aria-label=\"Kapcsolatfelv\u00e9teli \u0171rlap\" novalidate=\"novalidate\" data-status=\"init\">\n<fieldset class=\"hidden-fields-container\"><input type=\"hidden\" name=\"_wpcf7\" value=\"280\" \/><input type=\"hidden\" name=\"_wpcf7_version\" value=\"6.1.4\" \/><input type=\"hidden\" name=\"_wpcf7_locale\" value=\"hu_HU\" \/><input type=\"hidden\" name=\"_wpcf7_unit_tag\" value=\"wpcf7-f280-o1\" \/><input type=\"hidden\" name=\"_wpcf7_container_post\" value=\"0\" \/><input type=\"hidden\" name=\"_wpcf7_posted_data_hash\" value=\"\" \/>\n<\/fieldset>\n<div class=\"column-full\">\n\t<p><label>N\u00e9v *<\/label><span class=\"wpcf7-form-control-wrap\" data-name=\"naam\"><input size=\"40\" maxlength=\"400\" class=\"wpcf7-form-control wpcf7-text wpcf7-validates-as-required\" aria-required=\"true\" aria-invalid=\"false\" value=\"\" type=\"text\" name=\"naam\" \/><\/span>\n\t<\/p>\n\t<p><label>Sz.<\/label><span class=\"wpcf7-form-control-wrap\" data-name=\"nr\"><input size=\"40\" maxlength=\"400\" class=\"wpcf7-form-control wpcf7-text\" aria-invalid=\"false\" value=\"\" type=\"text\" name=\"nr\" \/><\/span>\n\t<\/p>\n\t<p><label>Sz\u00fclet\u00e9si d\u00e1tum *<\/label><span class=\"wpcf7-form-control-wrap\" data-name=\"geboortedatum\"><input class=\"wpcf7-form-control wpcf7-date wpcf7-validates-as-required wpcf7-validates-as-date\" aria-required=\"true\" aria-invalid=\"false\" value=\"\" type=\"date\" name=\"geboortedatum\" \/><\/span>\n\t<\/p>\n\t<p><label>E-mail *<\/label><span class=\"wpcf7-form-control-wrap\" data-name=\"email\"><input size=\"40\" maxlength=\"400\" class=\"wpcf7-form-control wpcf7-email wpcf7-validates-as-required wpcf7-text wpcf7-validates-as-email\" aria-required=\"true\" aria-invalid=\"false\" value=\"\" type=\"email\" name=\"email\" \/><\/span>\n\t<\/p>\n\t<p><label>Telefonsz\u00e1m:<\/label><span class=\"wpcf7-form-control-wrap\" data-name=\"telefoon\"><input size=\"40\" maxlength=\"400\" class=\"wpcf7-form-control wpcf7-text\" aria-invalid=\"false\" value=\"\" type=\"text\" name=\"telefoon\" \/><\/span>\n\t<\/p>\n\t<p><label>Legsz\u00edvesebben az al\u00e1bbi m\u00f3don oldan\u00e1m meg a lakhat\u00e1st:<\/label><span class=\"wpcf7-form-control-wrap\" data-name=\"voorkeurwonen\"><select class=\"wpcf7-form-control wpcf7-select\" aria-invalid=\"false\" name=\"voorkeurwonen\"><option value=\"Nincs preferenci\u00e1m\">Nincs preferenci\u00e1m<\/option><option value=\"Rendelkezem saj\u00e1t sz\u00e1ll\u00e1ssal\">Rendelkezem saj\u00e1t sz\u00e1ll\u00e1ssal<\/option><option value=\"Kempweg 15\">Kempweg 15<\/option><option value=\"Kempweg 11\">Kempweg 11<\/option><option value=\"De Zwaluw\">De Zwaluw<\/option><option value=\"Kling\">Kling<\/option><option value=\"Cox\">Cox<\/option><option value=\"Driessen\">Driessen<\/option><\/select><\/span>\n\t<\/p>\n\t<p><label>Vele szeretn\u00e9k egy\u00fctt lakni (Megpr\u00f3b\u00e1ljuk figyelembe venni a k\u00edv\u00e1ns\u00e1gaikat)<\/label><span class=\"wpcf7-form-control-wrap\" data-name=\"wonen\"><input size=\"40\" maxlength=\"400\" class=\"wpcf7-form-control wpcf7-text\" aria-invalid=\"false\" value=\"\" type=\"text\" name=\"wonen\" \/><\/span>\n\t<\/p>\n\t<p><label>Igen, szeretn\u00e9k j\u00f6nni dolgozni \u00e9s kezdeni<\/label><span class=\"wpcf7-form-control-wrap\" data-name=\"vanaf\"><input size=\"40\" maxlength=\"400\" class=\"wpcf7-form-control wpcf7-text\" aria-invalid=\"false\" value=\"\" type=\"text\" name=\"vanaf\" \/><\/span>\n\t<\/p>\n\t<p><label>Igen, szeretn\u00e9k maradni <\/label><span class=\"wpcf7-form-control-wrap\" data-name=\"tot\"><input size=\"40\" maxlength=\"400\" class=\"wpcf7-form-control wpcf7-text\" aria-invalid=\"false\" value=\"\" type=\"text\" name=\"tot\" \/><\/span>\n\t<\/p>\n\t<p><label>Megjegyz\u00e9sek<\/label><br \/>\n<span class=\"wpcf7-form-control-wrap\" data-name=\"opmerkingen\"><textarea cols=\"40\" rows=\"10\" maxlength=\"2000\" class=\"wpcf7-form-control wpcf7-textarea\" aria-invalid=\"false\" name=\"opmerkingen\"><\/textarea><\/span>\n\t<\/p>\n<\/div>\n<p><input class=\"wpcf7-form-control wpcf7-submit has-spinner\" type=\"submit\" value=\"BEAD\u00c1S\" \/>\n<\/p><div class=\"wpcf7-response-output\" aria-hidden=\"true\"><\/div>\n<\/form>\n<\/div>\n[\/et_pb_code][\/et_pb_column][\/et_pb_row][\/et_pb_section]<\/p>\n","protected":false},"excerpt":{"rendered":"<p>Regisztr\u00e1ci\u00f3s \u0171rlap (megtapasztalni) &nbsp; Ha a k\u00f6vetkez\u0151 szezonban is szeretn\u00e9l csatlakozni hozz\u00e1nk, Az al\u00e1bbi \u0171rlapot \u00e9s kattints a ,,BEAD\u00c1S\u2019\u2019 gombra. Ezzel az \u0171rlappal le is iratkozhat!\n<div class=\"wpcf7 no-js\" id=\"wpcf7-f280-o2\" lang=\"hu-HU\" dir=\"ltr\" data-wpcf7-id=\"280\">\n<div class=\"screen-reader-response\"><p role=\"status\" aria-live=\"polite\" aria-atomic=\"true\"><\/p> <ul><\/ul><\/div>\n<form action=\"\/hu\/wp-json\/wp\/v2\/pages\/269#wpcf7-f280-o2\" method=\"post\" class=\"wpcf7-form init\" aria-label=\"Kapcsolatfelv\u00e9teli \u0171rlap\" novalidate=\"novalidate\" data-status=\"init\">\n<fieldset class=\"hidden-fields-container\"><input type=\"hidden\" name=\"_wpcf7\" value=\"280\" \/><input type=\"hidden\" name=\"_wpcf7_version\" value=\"6.1.4\" \/><input type=\"hidden\" name=\"_wpcf7_locale\" value=\"hu_HU\" \/><input type=\"hidden\" name=\"_wpcf7_unit_tag\" value=\"wpcf7-f280-o2\" \/><input type=\"hidden\" name=\"_wpcf7_container_post\" value=\"0\" \/><input type=\"hidden\" name=\"_wpcf7_posted_data_hash\" value=\"\" \/>\n<\/fieldset>\n<div class=\"column-full\">\n\t<p><label>N\u00e9v *<\/label><span class=\"wpcf7-form-control-wrap\" data-name=\"naam\"><input size=\"40\" maxlength=\"400\" class=\"wpcf7-form-control wpcf7-text wpcf7-validates-as-required\" aria-required=\"true\" aria-invalid=\"false\" value=\"\" type=\"text\" name=\"naam\" \/><\/span>\n\t<\/p>\n\t<p><label>Sz.<\/label><span class=\"wpcf7-form-control-wrap\" data-name=\"nr\"><input size=\"40\" maxlength=\"400\" class=\"wpcf7-form-control wpcf7-text\" aria-invalid=\"false\" value=\"\" type=\"text\" name=\"nr\" \/><\/span>\n\t<\/p>\n\t<p><label>Sz\u00fclet\u00e9si d\u00e1tum *<\/label><span class=\"wpcf7-form-control-wrap\" data-name=\"geboortedatum\"><input class=\"wpcf7-form-control wpcf7-date wpcf7-validates-as-required wpcf7-validates-as-date\" aria-required=\"true\" aria-invalid=\"false\" value=\"\" type=\"date\" name=\"geboortedatum\" \/><\/span>\n\t<\/p>\n\t<p><label>E-mail *<\/label><span class=\"wpcf7-form-control-wrap\" data-name=\"email\"><input size=\"40\" maxlength=\"400\" class=\"wpcf7-form-control wpcf7-email wpcf7-validates-as-required wpcf7-text wpcf7-validates-as-email\" aria-required=\"true\" aria-invalid=\"false\" value=\"\" type=\"email\" name=\"email\" \/><\/span>\n\t<\/p>\n\t<p><label>Telefonsz\u00e1m:<\/label><span class=\"wpcf7-form-control-wrap\" data-name=\"telefoon\"><input size=\"40\" maxlength=\"400\" class=\"wpcf7-form-control wpcf7-text\" aria-invalid=\"false\" value=\"\" type=\"text\" name=\"telefoon\" \/><\/span>\n\t<\/p>\n\t<p><label>Legsz\u00edvesebben az al\u00e1bbi m\u00f3don oldan\u00e1m meg a lakhat\u00e1st:<\/label><span class=\"wpcf7-form-control-wrap\" data-name=\"voorkeurwonen\"><select class=\"wpcf7-form-control wpcf7-select\" aria-invalid=\"false\" name=\"voorkeurwonen\"><option value=\"Nincs preferenci\u00e1m\">Nincs preferenci\u00e1m<\/option><option value=\"Rendelkezem saj\u00e1t sz\u00e1ll\u00e1ssal\">Rendelkezem saj\u00e1t sz\u00e1ll\u00e1ssal<\/option><option value=\"Kempweg 15\">Kempweg 15<\/option><option value=\"Kempweg 11\">Kempweg 11<\/option><option value=\"De Zwaluw\">De Zwaluw<\/option><option value=\"Kling\">Kling<\/option><option value=\"Cox\">Cox<\/option><option value=\"Driessen\">Driessen<\/option><\/select><\/span>\n\t<\/p>\n\t<p><label>Vele szeretn\u00e9k egy\u00fctt lakni (Megpr\u00f3b\u00e1ljuk figyelembe venni a k\u00edv\u00e1ns\u00e1gaikat)<\/label><span class=\"wpcf7-form-control-wrap\" data-name=\"wonen\"><input size=\"40\" maxlength=\"400\" class=\"wpcf7-form-control wpcf7-text\" aria-invalid=\"false\" value=\"\" type=\"text\" name=\"wonen\" \/><\/span>\n\t<\/p>\n\t<p><label>Igen, szeretn\u00e9k j\u00f6nni dolgozni \u00e9s kezdeni<\/label><span class=\"wpcf7-form-control-wrap\" data-name=\"vanaf\"><input size=\"40\" maxlength=\"400\" class=\"wpcf7-form-control wpcf7-text\" aria-invalid=\"false\" value=\"\" type=\"text\" name=\"vanaf\" \/><\/span>\n\t<\/p>\n\t<p><label>Igen, szeretn\u00e9k maradni <\/label><span class=\"wpcf7-form-control-wrap\" data-name=\"tot\"><input size=\"40\" maxlength=\"400\" class=\"wpcf7-form-control wpcf7-text\" aria-invalid=\"false\" value=\"\" type=\"text\" name=\"tot\" \/><\/span>\n\t<\/p>\n\t<p><label>Megjegyz\u00e9sek<\/label><br \/>\n<span class=\"wpcf7-form-control-wrap\" data-name=\"opmerkingen\"><textarea cols=\"40\" rows=\"10\" maxlength=\"2000\" class=\"wpcf7-form-control wpcf7-textarea\" aria-invalid=\"false\" name=\"opmerkingen\"><\/textarea><\/span>\n\t<\/p>\n<\/div>\n<p><input class=\"wpcf7-form-control wpcf7-submit has-spinner\" type=\"submit\" value=\"BEAD\u00c1S\" \/>\n<\/p><div class=\"wpcf7-response-output\" aria-hidden=\"true\"><\/div>\n<\/form>\n<\/div>\n<\/p>\n","protected":false},"author":1,"featured_media":0,"parent":0,"menu_order":0,"comment_status":"closed","ping_status":"closed","template":"","meta":{"_et_pb_use_builder":"on","_et_pb_old_content":"","_et_gb_content_width":"","footnotes":""},"class_list":["post-269","page","type-page","status-publish","hentry"],"yoast_head":"<!-- This site is optimized with the Yoast SEO plugin v26.6 - https:\/\/yoast.com\/wordpress\/plugins\/seo\/ -->\n<title>Regisztr\u00e1ci\u00f3s \u0171rlap (megtapasztalni) | Divespa<\/title>\n<meta name=\"robots\" content=\"index, follow, max-snippet:-1, max-image-preview:large, max-video-preview:-1\" \/>\n<link rel=\"canonical\" href=\"https:\/\/www.divespa.nl\/hu\/regisztracios-urlap-megtapasztalni\/\" \/>\n<meta property=\"og:locale\" content=\"hu_HU\" \/>\n<meta property=\"og:type\" content=\"article\" \/>\n<meta property=\"og:title\" content=\"Regisztr\u00e1ci\u00f3s \u0171rlap (megtapasztalni) | Divespa\" \/>\n<meta property=\"og:description\" content=\"Regisztr\u00e1ci\u00f3s \u0171rlap (megtapasztalni) &nbsp; Ha a k\u00f6vetkez\u0151 szezonban is szeretn\u00e9l csatlakozni hozz\u00e1nk, Az al\u00e1bbi \u0171rlapot \u00e9s kattints a ,,BEAD\u00c1S\u2019\u2019 gombra. Ezzel az \u0171rlappal le is iratkozhat!\" \/>\n<meta property=\"og:url\" content=\"https:\/\/www.divespa.nl\/hu\/regisztracios-urlap-megtapasztalni\/\" \/>\n<meta property=\"og:site_name\" content=\"Divespa\" \/>\n<meta property=\"article:modified_time\" content=\"2025-05-07T11:28:34+00:00\" \/>\n<meta name=\"twitter:card\" content=\"summary_large_image\" \/>\n<meta name=\"twitter:label1\" content=\"Becs\u00fclt olvas\u00e1si id\u0151\" \/>\n\t<meta name=\"twitter:data1\" content=\"1 perc\" \/>\n<script type=\"application\/ld+json\" class=\"yoast-schema-graph\">{\"@context\":\"https:\/\/schema.org\",\"@graph\":[{\"@type\":\"WebPage\",\"@id\":\"https:\/\/www.divespa.nl\/hu\/regisztracios-urlap-megtapasztalni\/\",\"url\":\"https:\/\/www.divespa.nl\/hu\/regisztracios-urlap-megtapasztalni\/\",\"name\":\"Regisztr\u00e1ci\u00f3s \u0171rlap (megtapasztalni) | Divespa\",\"isPartOf\":{\"@id\":\"https:\/\/www.divespa.nl\/#website\"},\"datePublished\":\"2021-06-16T12:11:12+00:00\",\"dateModified\":\"2025-05-07T11:28:34+00:00\",\"breadcrumb\":{\"@id\":\"https:\/\/www.divespa.nl\/hu\/regisztracios-urlap-megtapasztalni\/#breadcrumb\"},\"inLanguage\":\"hu\",\"potentialAction\":[{\"@type\":\"ReadAction\",\"target\":[\"https:\/\/www.divespa.nl\/hu\/regisztracios-urlap-megtapasztalni\/\"]}]},{\"@type\":\"BreadcrumbList\",\"@id\":\"https:\/\/www.divespa.nl\/hu\/regisztracios-urlap-megtapasztalni\/#breadcrumb\",\"itemListElement\":[{\"@type\":\"ListItem\",\"position\":1,\"name\":\"Home\",\"item\":\"https:\/\/www.divespa.nl\/\"},{\"@type\":\"ListItem\",\"position\":2,\"name\":\"Regisztr\u00e1ci\u00f3s \u0171rlap (megtapasztalni)\"}]},{\"@type\":\"WebSite\",\"@id\":\"https:\/\/www.divespa.nl\/#website\",\"url\":\"https:\/\/www.divespa.nl\/\",\"name\":\"Divespa Packing B.V.\",\"description\":\"Werken bij de Kemp\",\"publisher\":{\"@id\":\"https:\/\/www.divespa.nl\/#organization\"},\"potentialAction\":[{\"@type\":\"SearchAction\",\"target\":{\"@type\":\"EntryPoint\",\"urlTemplate\":\"https:\/\/www.divespa.nl\/?s={search_term_string}\"},\"query-input\":{\"@type\":\"PropertyValueSpecification\",\"valueRequired\":true,\"valueName\":\"search_term_string\"}}],\"inLanguage\":\"hu\"},{\"@type\":\"Organization\",\"@id\":\"https:\/\/www.divespa.nl\/#organization\",\"name\":\"Divespa\",\"url\":\"https:\/\/www.divespa.nl\/\",\"logo\":{\"@type\":\"ImageObject\",\"inLanguage\":\"hu\",\"@id\":\"https:\/\/www.divespa.nl\/#\/schema\/logo\/image\/\",\"url\":\"http:\/\/www.divespa.nl\/wp-content\/uploads\/2021\/04\/Divespa-logo.jpg\",\"contentUrl\":\"http:\/\/www.divespa.nl\/wp-content\/uploads\/2021\/04\/Divespa-logo.jpg\",\"width\":2362,\"height\":1240,\"caption\":\"Divespa\"},\"image\":{\"@id\":\"https:\/\/www.divespa.nl\/#\/schema\/logo\/image\/\"}}]}<\/script>\n<!-- \/ Yoast SEO plugin. -->","yoast_head_json":{"title":"Regisztr\u00e1ci\u00f3s \u0171rlap (megtapasztalni) | Divespa","robots":{"index":"index","follow":"follow","max-snippet":"max-snippet:-1","max-image-preview":"max-image-preview:large","max-video-preview":"max-video-preview:-1"},"canonical":"https:\/\/www.divespa.nl\/hu\/regisztracios-urlap-megtapasztalni\/","og_locale":"hu_HU","og_type":"article","og_title":"Regisztr\u00e1ci\u00f3s \u0171rlap (megtapasztalni) | Divespa","og_description":"Regisztr\u00e1ci\u00f3s \u0171rlap (megtapasztalni) &nbsp; Ha a k\u00f6vetkez\u0151 szezonban is szeretn\u00e9l csatlakozni hozz\u00e1nk, Az al\u00e1bbi \u0171rlapot \u00e9s kattints a ,,BEAD\u00c1S\u2019\u2019 gombra. Ezzel az \u0171rlappal le is iratkozhat!","og_url":"https:\/\/www.divespa.nl\/hu\/regisztracios-urlap-megtapasztalni\/","og_site_name":"Divespa","article_modified_time":"2025-05-07T11:28:34+00:00","twitter_card":"summary_large_image","twitter_misc":{"Becs\u00fclt olvas\u00e1si id\u0151":"1 perc"},"schema":{"@context":"https:\/\/schema.org","@graph":[{"@type":"WebPage","@id":"https:\/\/www.divespa.nl\/hu\/regisztracios-urlap-megtapasztalni\/","url":"https:\/\/www.divespa.nl\/hu\/regisztracios-urlap-megtapasztalni\/","name":"Regisztr\u00e1ci\u00f3s \u0171rlap (megtapasztalni) | Divespa","isPartOf":{"@id":"https:\/\/www.divespa.nl\/#website"},"datePublished":"2021-06-16T12:11:12+00:00","dateModified":"2025-05-07T11:28:34+00:00","breadcrumb":{"@id":"https:\/\/www.divespa.nl\/hu\/regisztracios-urlap-megtapasztalni\/#breadcrumb"},"inLanguage":"hu","potentialAction":[{"@type":"ReadAction","target":["https:\/\/www.divespa.nl\/hu\/regisztracios-urlap-megtapasztalni\/"]}]},{"@type":"BreadcrumbList","@id":"https:\/\/www.divespa.nl\/hu\/regisztracios-urlap-megtapasztalni\/#breadcrumb","itemListElement":[{"@type":"ListItem","position":1,"name":"Home","item":"https:\/\/www.divespa.nl\/"},{"@type":"ListItem","position":2,"name":"Regisztr\u00e1ci\u00f3s \u0171rlap (megtapasztalni)"}]},{"@type":"WebSite","@id":"https:\/\/www.divespa.nl\/#website","url":"https:\/\/www.divespa.nl\/","name":"Divespa Packing B.V.","description":"Werken bij de Kemp","publisher":{"@id":"https:\/\/www.divespa.nl\/#organization"},"potentialAction":[{"@type":"SearchAction","target":{"@type":"EntryPoint","urlTemplate":"https:\/\/www.divespa.nl\/?s={search_term_string}"},"query-input":{"@type":"PropertyValueSpecification","valueRequired":true,"valueName":"search_term_string"}}],"inLanguage":"hu"},{"@type":"Organization","@id":"https:\/\/www.divespa.nl\/#organization","name":"Divespa","url":"https:\/\/www.divespa.nl\/","logo":{"@type":"ImageObject","inLanguage":"hu","@id":"https:\/\/www.divespa.nl\/#\/schema\/logo\/image\/","url":"http:\/\/www.divespa.nl\/wp-content\/uploads\/2021\/04\/Divespa-logo.jpg","contentUrl":"http:\/\/www.divespa.nl\/wp-content\/uploads\/2021\/04\/Divespa-logo.jpg","width":2362,"height":1240,"caption":"Divespa"},"image":{"@id":"https:\/\/www.divespa.nl\/#\/schema\/logo\/image\/"}}]}},"_links":{"self":[{"href":"https:\/\/www.divespa.nl\/hu\/wp-json\/wp\/v2\/pages\/269","targetHints":{"allow":["GET"]}}],"collection":[{"href":"https:\/\/www.divespa.nl\/hu\/wp-json\/wp\/v2\/pages"}],"about":[{"href":"https:\/\/www.divespa.nl\/hu\/wp-json\/wp\/v2\/types\/page"}],"author":[{"embeddable":true,"href":"https:\/\/www.divespa.nl\/hu\/wp-json\/wp\/v2\/users\/1"}],"replies":[{"embeddable":true,"href":"https:\/\/www.divespa.nl\/hu\/wp-json\/wp\/v2\/comments?post=269"}],"version-history":[{"count":15,"href":"https:\/\/www.divespa.nl\/hu\/wp-json\/wp\/v2\/pages\/269\/revisions"}],"predecessor-version":[{"id":767,"href":"https:\/\/www.divespa.nl\/hu\/wp-json\/wp\/v2\/pages\/269\/revisions\/767"}],"wp:attachment":[{"href":"https:\/\/www.divespa.nl\/hu\/wp-json\/wp\/v2\/media?parent=269"}],"curies":[{"name":"wp","href":"https:\/\/api.w.org\/{rel}","templated":true}]}}