{"id":228,"date":"2021-06-14T16:33:35","date_gmt":"2021-06-14T14:33:35","guid":{"rendered":"https:\/\/www.divespa.nl\/altalanos-informacio\/"},"modified":"2025-05-12T16:55:49","modified_gmt":"2025-05-12T14:55:49","slug":"altalanos-informacio","status":"publish","type":"page","link":"https:\/\/www.divespa.nl\/hu\/","title":{"rendered":"\u00c1ltal\u00e1nos inform\u00e1ci\u00f3"},"content":{"rendered":"<p>[et_pb_section fb_built=&#8221;1&#8243; fullwidth=&#8221;on&#8221; _builder_version=&#8221;4.9.4&#8243; _module_preset=&#8221;default&#8221;][et_pb_fullwidth_image src=&#8221;https:\/\/www.divespa.nl\/wp-content\/uploads\/2024\/09\/k-8408-scaled.jpg&#8221; title_text=&#8221;k 8408&#8243; _builder_version=&#8221;4.9.4&#8243; _module_preset=&#8221;default&#8221; scroll_vertical_motion=&#8221;0|71|71|100|4|0|-4&#8243; scroll_rotating_enable=&#8221;on&#8221; scroll_blur_enable=&#8221;on&#8221; motion_trigger_start=&#8221;bottom&#8221; custom_css_main_element=&#8221;clip-path: ellipse(100% 87% at 38% 13%);&#8221;][\/et_pb_fullwidth_image][\/et_pb_section][et_pb_section fb_built=&#8221;1&#8243; _builder_version=&#8221;3.22&#8243;][et_pb_row _builder_version=&#8221;3.25&#8243; background_size=&#8221;initial&#8221; background_position=&#8221;top_left&#8221; background_repeat=&#8221;repeat&#8221;][et_pb_column type=&#8221;4_4&#8243; _builder_version=&#8221;3.25&#8243; custom_padding=&#8221;|||&#8221; custom_padding__hover=&#8221;|||&#8221;][et_pb_text _builder_version=&#8221;4.9.4&#8243; _module_preset=&#8221;default&#8221;]<\/p>\n<h1>Dolgozni a Divespa csomagol\u00e1sn\u00e1l<\/h1>\n<p>&nbsp;<\/p>\n<p>Divespa Packing BV az eper, sp\u00e1rgan\u00f6v\u00e9nyek, gy\u00fcm\u00f6lcsfapal\u00e1nt\u00e1k \u00e9s v\u00f6r\u00f6s erdei gy\u00fcm\u00f6lcs n\u00f6v\u00e9nyek szort\u00edroz\u00e1s\u00e1ra \u00e9s csomagol\u00e1s\u00e1ra specializ\u00e1l\u00f3dott.<br \/>Ezeket a n\u00f6v\u00e9nyeket f\u0151k\u00e9nt Plantenkwekerij de Kemp ben termesztik \u00e9s n\u00f6vesztik.<\/p>\n<p>Ny\u00e1ron mi t\u00f6bbs\u00e9gben eper\u00fcltetv\u00e9nyekkel dolgozunk. T\u00e9len pedig eper\u00fcltetv\u00e9nyekkel \u00e9s gy\u00fcm\u00f6lcsfa gy\u00f6k\u00e9r\u00e1llom\u00e1nyokkal dolgozunk. Tavasszal sp\u00e1rgan\u00f6v\u00e9nyekkel dolgozunk. A tev\u00e9kenys\u00e9gek nagyr\u00e9szt magukba foglalj\u00e1k a n\u00f6v\u00e9nyek csomagol\u00e1s\u00e1t a h\u00e1l\u00e1ban, a melegh\u00e1zakban, vagy a mez\u0151n. M\u00e1s tev\u00e9kenys\u00e9gek az \u00e1s\u00e1s, az \u00fcltet\u00e9s, a vir\u00e1goztat\u00e1s, a gyoml\u00e1l\u00e1s a mez\u0151n, vagy m\u00e1s k\u00fcl\u00f6nb\u00f6z\u0151 tev\u00e9kenys\u00e9gek a melegh\u00e1zban.<\/p>\n<p>[\/et_pb_text][\/et_pb_column][\/et_pb_row][et_pb_row column_structure=&#8221;1_2,1_2&#8243; _builder_version=&#8221;4.9.4&#8243; _module_preset=&#8221;default&#8221;][et_pb_column type=&#8221;1_2&#8243; _builder_version=&#8221;4.9.4&#8243; _module_preset=&#8221;default&#8221;][et_pb_text _builder_version=&#8221;4.9.4&#8243; _module_preset=&#8221;default&#8221; custom_padding=&#8221;||0px|||&#8221;]<\/p>\n<p>Vannak j\u00f3 lehet\u0151s\u00e9geink, sz\u00e1ll\u00e1shelyeink, amelyek el\u00e9rhet\u0151ek \u00e9s \u00edgy k\u00f6zel sz\u00e1llhatsz meg a munk\u00e1dhoz.<\/p>\n<p>A fizet\u00e9s megfelel a t\u00f6rv\u00e9nyes minimum brutt\u00f3 \u00f3rab\u00e9rnek Hollandi\u00e1ban.<br \/>A 21 \u00e9v kor alatti szem\u00e9lyek sz\u00e1m\u00e1ra ez a minimum ifj\u00fas\u00e1gi fizet\u00e9s.<br \/>J\u00f3 teljes\u00edtm\u00e9nnyel, a munk\u00e1hoz val\u00f3 megfelel\u0151 alkalmazkod\u00f3k\u00e9pess\u00e9ggel \u00e9s min\u0151s\u00e9gi munk\u00e1val kaphatsz egy b\u00f3nuszt az \u00e1ltal\u00e1nos fizet\u00e9sed mellett.<\/p>\n<p>Ha szeretn\u00e9l dolgozni a Divespa Packing BV- n\u00e9l, k\u00e9rlek t\u00f6ltsd ki a regisztr\u00e1ci\u00f3s \u0171rlapot ezen a weboldalon!<br \/>Ha munk\u00e1t tudunk aj\u00e1nlani neked, akkor hivatalos leszel egy telefonos interj\u00fara!<\/p>\n<p>K\u00e9rlek, jegyezd meg, k\u00e9t fajta regisztr\u00e1ci\u00f3s \u0171rlap van:<br \/>\u00daJ az \u00faj dolgoz\u00f3knak, akik soha nem dolgoztak nek\u00fcnk ezel\u0151tt<br \/>\u00c9s TAPASZTALT, olyan emberek sz\u00e1m\u00e1ra, akik m\u00e1r dolgoztak vel\u00fcnk ezel\u0151tt. ( Nek\u00fcnk m\u00e1r van t\u00f6bb inform\u00e1ci\u00f3nk, adatunk err\u0151l!)<\/p>\n<p>[\/et_pb_text][\/et_pb_column][et_pb_column type=&#8221;1_2&#8243; _builder_version=&#8221;4.9.4&#8243; _module_preset=&#8221;default&#8221;][et_pb_image src=&#8221;https:\/\/www.divespa.nl\/wp-content\/uploads\/2021\/04\/Schermafbeelding-2021-04-28-om-13.51.11.png&#8221; _builder_version=&#8221;4.9.4&#8243; _module_preset=&#8221;default&#8221;][\/et_pb_image][\/et_pb_column][\/et_pb_row][et_pb_row column_structure=&#8221;1_3,1_3,1_3&#8243; _builder_version=&#8221;4.9.4&#8243; _module_preset=&#8221;default&#8221;][et_pb_column type=&#8221;1_3&#8243; _builder_version=&#8221;4.9.4&#8243; _module_preset=&#8221;default&#8221;][et_pb_button button_url=&#8221;https:\/\/www.divespa.nl\/wp-content\/uploads\/2025\/05\/Algemene-informatie-Divespa-Packing-BV-2025-HU-EN-1.pdf&#8221; url_new_window=&#8221;on&#8221; button_text=&#8221;\u00c1ltal\u00e1nos Inform\u00e1ci\u00f3k-Divespa-Packing-BV HU-EN&#8221; admin_label=&#8221;Algemene info PDF link&#8221; _builder_version=&#8221;4.9.4&#8243; _module_preset=&#8221;default&#8221; custom_button=&#8221;on&#8221; button_icon=&#8221;%%1%%&#8221; hover_enabled=&#8221;0&#8243; sticky_enabled=&#8221;0&#8243;][\/et_pb_button][\/et_pb_column][et_pb_column type=&#8221;1_3&#8243; _builder_version=&#8221;4.9.4&#8243; _module_preset=&#8221;default&#8221;][\/et_pb_column][et_pb_column type=&#8221;1_3&#8243; _builder_version=&#8221;4.9.4&#8243; _module_preset=&#8221;default&#8221;][\/et_pb_column][\/et_pb_row][et_pb_row column_structure=&#8221;1_3,1_3,1_3&#8243; _builder_version=&#8221;4.9.4&#8243; _module_preset=&#8221;default&#8221;][et_pb_column type=&#8221;1_3&#8243; _builder_version=&#8221;4.9.4&#8243; _module_preset=&#8221;default&#8221;][et_pb_button button_url=&#8221;\/hu\/aanmeld-formulier\/&#8221; button_text=&#8221;Jelentkez\u00e9si \u0171rlap &#8211; \u00daJ&#8221; admin_label=&#8221;Aanmeldingsformulier&#8221; _builder_version=&#8221;4.9.4&#8243; _module_preset=&#8221;default&#8221;][\/et_pb_button][\/et_pb_column][et_pb_column type=&#8221;1_3&#8243; _builder_version=&#8221;4.9.4&#8243; _module_preset=&#8221;default&#8221;][et_pb_button button_url=&#8221;https:\/\/www.divespa.nl\/hu\/regisztracios-urlap-megtapasztalni\/&#8221; button_text=&#8221;Jelentkez\u00e9si \u0171rlap &#8211; TAPASZTALT&#8221; admin_label=&#8221;Aanmeldingsformulier&#8221; _builder_version=&#8221;4.9.4&#8243; _module_preset=&#8221;default&#8221;][\/et_pb_button][\/et_pb_column][et_pb_column type=&#8221;1_3&#8243; _builder_version=&#8221;4.9.4&#8243; _module_preset=&#8221;default&#8221;][\/et_pb_column][\/et_pb_row][et_pb_row _builder_version=&#8221;4.9.4&#8243; _module_preset=&#8221;default&#8221;][et_pb_column type=&#8221;4_4&#8243; _builder_version=&#8221;4.9.4&#8243; _module_preset=&#8221;default&#8221;][et_pb_text _builder_version=&#8221;4.9.4&#8243; _module_preset=&#8221;default&#8221;][\/et_pb_text][\/et_pb_column][\/et_pb_row][\/et_pb_section]<\/p>\n","protected":false},"excerpt":{"rendered":"<p>Dolgozni a Divespa csomagol\u00e1sn\u00e1l &nbsp; Divespa Packing BV az eper, sp\u00e1rgan\u00f6v\u00e9nyek, gy\u00fcm\u00f6lcsfapal\u00e1nt\u00e1k \u00e9s v\u00f6r\u00f6s erdei gy\u00fcm\u00f6lcs n\u00f6v\u00e9nyek szort\u00edroz\u00e1s\u00e1ra \u00e9s csomagol\u00e1s\u00e1ra specializ\u00e1l\u00f3dott.Ezeket a n\u00f6v\u00e9nyeket f\u0151k\u00e9nt Plantenkwekerij de Kemp ben termesztik \u00e9s n\u00f6vesztik. Ny\u00e1ron mi t\u00f6bbs\u00e9gben eper\u00fcltetv\u00e9nyekkel dolgozunk. T\u00e9len pedig eper\u00fcltetv\u00e9nyekkel \u00e9s gy\u00fcm\u00f6lcsfa gy\u00f6k\u00e9r\u00e1llom\u00e1nyokkal dolgozunk. Tavasszal sp\u00e1rgan\u00f6v\u00e9nyekkel dolgozunk. A tev\u00e9kenys\u00e9gek nagyr\u00e9szt magukba foglalj\u00e1k a n\u00f6v\u00e9nyek csomagol\u00e1s\u00e1t a [&hellip;]<\/p>\n","protected":false},"author":1,"featured_media":0,"parent":0,"menu_order":0,"comment_status":"closed","ping_status":"open","template":"","meta":{"_et_pb_use_builder":"on","_et_pb_old_content":"","_et_gb_content_width":"","footnotes":""},"class_list":["post-228","page","type-page","status-publish","hentry"],"yoast_head":"<!-- This site is optimized with the Yoast SEO plugin v26.6 - https:\/\/yoast.com\/wordpress\/plugins\/seo\/ -->\n<title>\u00c1ltal\u00e1nos inform\u00e1ci\u00f3 | Divespa<\/title>\n<meta name=\"robots\" content=\"index, follow, max-snippet:-1, max-image-preview:large, max-video-preview:-1\" \/>\n<link rel=\"canonical\" href=\"https:\/\/www.divespa.nl\/\" \/>\n<meta property=\"og:locale\" content=\"hu_HU\" \/>\n<meta property=\"og:type\" content=\"article\" \/>\n<meta property=\"og:title\" content=\"\u00c1ltal\u00e1nos inform\u00e1ci\u00f3 | Divespa\" \/>\n<meta property=\"og:description\" content=\"Dolgozni a Divespa csomagol\u00e1sn\u00e1l &nbsp; Divespa Packing BV az eper, sp\u00e1rgan\u00f6v\u00e9nyek, gy\u00fcm\u00f6lcsfapal\u00e1nt\u00e1k \u00e9s v\u00f6r\u00f6s erdei gy\u00fcm\u00f6lcs n\u00f6v\u00e9nyek szort\u00edroz\u00e1s\u00e1ra \u00e9s csomagol\u00e1s\u00e1ra specializ\u00e1l\u00f3dott.Ezeket a n\u00f6v\u00e9nyeket f\u0151k\u00e9nt Plantenkwekerij de Kemp ben termesztik \u00e9s n\u00f6vesztik. Ny\u00e1ron mi t\u00f6bbs\u00e9gben eper\u00fcltetv\u00e9nyekkel dolgozunk. T\u00e9len pedig eper\u00fcltetv\u00e9nyekkel \u00e9s gy\u00fcm\u00f6lcsfa gy\u00f6k\u00e9r\u00e1llom\u00e1nyokkal dolgozunk. Tavasszal sp\u00e1rgan\u00f6v\u00e9nyekkel dolgozunk. A tev\u00e9kenys\u00e9gek nagyr\u00e9szt magukba foglalj\u00e1k a n\u00f6v\u00e9nyek csomagol\u00e1s\u00e1t a [&hellip;]\" \/>\n<meta property=\"og:url\" content=\"https:\/\/www.divespa.nl\/\" \/>\n<meta property=\"og:site_name\" content=\"Divespa\" \/>\n<meta property=\"article:modified_time\" content=\"2025-05-12T14:55:49+00:00\" \/>\n<meta name=\"twitter:card\" content=\"summary_large_image\" \/>\n<meta name=\"twitter:label1\" content=\"Becs\u00fclt olvas\u00e1si id\u0151\" \/>\n\t<meta name=\"twitter:data1\" content=\"4 perc\" \/>\n<script type=\"application\/ld+json\" class=\"yoast-schema-graph\">{\"@context\":\"https:\/\/schema.org\",\"@graph\":[{\"@type\":\"WebPage\",\"@id\":\"https:\/\/www.divespa.nl\/\",\"url\":\"https:\/\/www.divespa.nl\/\",\"name\":\"\u00c1ltal\u00e1nos inform\u00e1ci\u00f3 | Divespa\",\"isPartOf\":{\"@id\":\"https:\/\/www.divespa.nl\/#website\"},\"datePublished\":\"2021-06-14T14:33:35+00:00\",\"dateModified\":\"2025-05-12T14:55:49+00:00\",\"breadcrumb\":{\"@id\":\"https:\/\/www.divespa.nl\/#breadcrumb\"},\"inLanguage\":\"hu\",\"potentialAction\":[{\"@type\":\"ReadAction\",\"target\":[\"https:\/\/www.divespa.nl\/\"]}]},{\"@type\":\"BreadcrumbList\",\"@id\":\"https:\/\/www.divespa.nl\/#breadcrumb\",\"itemListElement\":[{\"@type\":\"ListItem\",\"position\":1,\"name\":\"Home\",\"item\":\"https:\/\/www.divespa.nl\/\"},{\"@type\":\"ListItem\",\"position\":2,\"name\":\"\u00c1ltal\u00e1nos inform\u00e1ci\u00f3\"}]},{\"@type\":\"WebSite\",\"@id\":\"https:\/\/www.divespa.nl\/#website\",\"url\":\"https:\/\/www.divespa.nl\/\",\"name\":\"Divespa Packing B.V.\",\"description\":\"Werken bij de Kemp\",\"publisher\":{\"@id\":\"https:\/\/www.divespa.nl\/#organization\"},\"potentialAction\":[{\"@type\":\"SearchAction\",\"target\":{\"@type\":\"EntryPoint\",\"urlTemplate\":\"https:\/\/www.divespa.nl\/?s={search_term_string}\"},\"query-input\":{\"@type\":\"PropertyValueSpecification\",\"valueRequired\":true,\"valueName\":\"search_term_string\"}}],\"inLanguage\":\"hu\"},{\"@type\":\"Organization\",\"@id\":\"https:\/\/www.divespa.nl\/#organization\",\"name\":\"Divespa\",\"url\":\"https:\/\/www.divespa.nl\/\",\"logo\":{\"@type\":\"ImageObject\",\"inLanguage\":\"hu\",\"@id\":\"https:\/\/www.divespa.nl\/#\/schema\/logo\/image\/\",\"url\":\"http:\/\/www.divespa.nl\/wp-content\/uploads\/2021\/04\/Divespa-logo.jpg\",\"contentUrl\":\"http:\/\/www.divespa.nl\/wp-content\/uploads\/2021\/04\/Divespa-logo.jpg\",\"width\":2362,\"height\":1240,\"caption\":\"Divespa\"},\"image\":{\"@id\":\"https:\/\/www.divespa.nl\/#\/schema\/logo\/image\/\"}}]}<\/script>\n<!-- \/ Yoast SEO plugin. -->","yoast_head_json":{"title":"\u00c1ltal\u00e1nos inform\u00e1ci\u00f3 | Divespa","robots":{"index":"index","follow":"follow","max-snippet":"max-snippet:-1","max-image-preview":"max-image-preview:large","max-video-preview":"max-video-preview:-1"},"canonical":"https:\/\/www.divespa.nl\/","og_locale":"hu_HU","og_type":"article","og_title":"\u00c1ltal\u00e1nos inform\u00e1ci\u00f3 | Divespa","og_description":"Dolgozni a Divespa csomagol\u00e1sn\u00e1l &nbsp; Divespa Packing BV az eper, sp\u00e1rgan\u00f6v\u00e9nyek, gy\u00fcm\u00f6lcsfapal\u00e1nt\u00e1k \u00e9s v\u00f6r\u00f6s erdei gy\u00fcm\u00f6lcs n\u00f6v\u00e9nyek szort\u00edroz\u00e1s\u00e1ra \u00e9s csomagol\u00e1s\u00e1ra specializ\u00e1l\u00f3dott.Ezeket a n\u00f6v\u00e9nyeket f\u0151k\u00e9nt Plantenkwekerij de Kemp ben termesztik \u00e9s n\u00f6vesztik. Ny\u00e1ron mi t\u00f6bbs\u00e9gben eper\u00fcltetv\u00e9nyekkel dolgozunk. T\u00e9len pedig eper\u00fcltetv\u00e9nyekkel \u00e9s gy\u00fcm\u00f6lcsfa gy\u00f6k\u00e9r\u00e1llom\u00e1nyokkal dolgozunk. Tavasszal sp\u00e1rgan\u00f6v\u00e9nyekkel dolgozunk. A tev\u00e9kenys\u00e9gek nagyr\u00e9szt magukba foglalj\u00e1k a n\u00f6v\u00e9nyek csomagol\u00e1s\u00e1t a [&hellip;]","og_url":"https:\/\/www.divespa.nl\/","og_site_name":"Divespa","article_modified_time":"2025-05-12T14:55:49+00:00","twitter_card":"summary_large_image","twitter_misc":{"Becs\u00fclt olvas\u00e1si id\u0151":"4 perc"},"schema":{"@context":"https:\/\/schema.org","@graph":[{"@type":"WebPage","@id":"https:\/\/www.divespa.nl\/","url":"https:\/\/www.divespa.nl\/","name":"\u00c1ltal\u00e1nos inform\u00e1ci\u00f3 | Divespa","isPartOf":{"@id":"https:\/\/www.divespa.nl\/#website"},"datePublished":"2021-06-14T14:33:35+00:00","dateModified":"2025-05-12T14:55:49+00:00","breadcrumb":{"@id":"https:\/\/www.divespa.nl\/#breadcrumb"},"inLanguage":"hu","potentialAction":[{"@type":"ReadAction","target":["https:\/\/www.divespa.nl\/"]}]},{"@type":"BreadcrumbList","@id":"https:\/\/www.divespa.nl\/#breadcrumb","itemListElement":[{"@type":"ListItem","position":1,"name":"Home","item":"https:\/\/www.divespa.nl\/"},{"@type":"ListItem","position":2,"name":"\u00c1ltal\u00e1nos inform\u00e1ci\u00f3"}]},{"@type":"WebSite","@id":"https:\/\/www.divespa.nl\/#website","url":"https:\/\/www.divespa.nl\/","name":"Divespa Packing B.V.","description":"Werken bij de Kemp","publisher":{"@id":"https:\/\/www.divespa.nl\/#organization"},"potentialAction":[{"@type":"SearchAction","target":{"@type":"EntryPoint","urlTemplate":"https:\/\/www.divespa.nl\/?s={search_term_string}"},"query-input":{"@type":"PropertyValueSpecification","valueRequired":true,"valueName":"search_term_string"}}],"inLanguage":"hu"},{"@type":"Organization","@id":"https:\/\/www.divespa.nl\/#organization","name":"Divespa","url":"https:\/\/www.divespa.nl\/","logo":{"@type":"ImageObject","inLanguage":"hu","@id":"https:\/\/www.divespa.nl\/#\/schema\/logo\/image\/","url":"http:\/\/www.divespa.nl\/wp-content\/uploads\/2021\/04\/Divespa-logo.jpg","contentUrl":"http:\/\/www.divespa.nl\/wp-content\/uploads\/2021\/04\/Divespa-logo.jpg","width":2362,"height":1240,"caption":"Divespa"},"image":{"@id":"https:\/\/www.divespa.nl\/#\/schema\/logo\/image\/"}}]}},"_links":{"self":[{"href":"https:\/\/www.divespa.nl\/hu\/wp-json\/wp\/v2\/pages\/228","targetHints":{"allow":["GET"]}}],"collection":[{"href":"https:\/\/www.divespa.nl\/hu\/wp-json\/wp\/v2\/pages"}],"about":[{"href":"https:\/\/www.divespa.nl\/hu\/wp-json\/wp\/v2\/types\/page"}],"author":[{"embeddable":true,"href":"https:\/\/www.divespa.nl\/hu\/wp-json\/wp\/v2\/users\/1"}],"replies":[{"embeddable":true,"href":"https:\/\/www.divespa.nl\/hu\/wp-json\/wp\/v2\/comments?post=228"}],"version-history":[{"count":39,"href":"https:\/\/www.divespa.nl\/hu\/wp-json\/wp\/v2\/pages\/228\/revisions"}],"predecessor-version":[{"id":784,"href":"https:\/\/www.divespa.nl\/hu\/wp-json\/wp\/v2\/pages\/228\/revisions\/784"}],"wp:attachment":[{"href":"https:\/\/www.divespa.nl\/hu\/wp-json\/wp\/v2\/media?parent=228"}],"curies":[{"name":"wp","href":"https:\/\/api.w.org\/{rel}","templated":true}]}}